{"id":940,"date":"2022-06-30T09:07:28","date_gmt":"2022-06-30T09:07:28","guid":{"rendered":"http:\/\/valoapp1.de14.fcomet.com\/fi\/?page_id=940"},"modified":"2023-11-03T10:46:46","modified_gmt":"2023-11-03T10:46:46","slug":"terms","status":"publish","type":"page","link":"https:\/\/valoapp.io\/fi\/terms\/","title":{"rendered":"K\u00e4ytt\u00f6ehdot"},"content":{"rendered":"\t\t<div data-elementor-type=\"wp-page\" data-elementor-id=\"940\" class=\"elementor elementor-940\">\n\t\t\t\t\t\t\t\t\t<section class=\"elementor-section elementor-top-section elementor-element elementor-element-a0b4b13 elementor-section-boxed elementor-section-height-default elementor-section-height-default\" data-id=\"a0b4b13\" data-element_type=\"section\">\n\t\t\t\t\t\t<div class=\"elementor-container elementor-column-gap-default\">\n\t\t\t\t\t<div class=\"elementor-column elementor-col-100 elementor-top-column elementor-element elementor-element-0843dce\" data-id=\"0843dce\" data-element_type=\"column\">\n\t\t\t<div class=\"elementor-widget-wrap elementor-element-populated\">\n\t\t\t\t\t\t\t\t<section class=\"elementor-section elementor-inner-section elementor-element elementor-element-a7af901 elementor-section-boxed elementor-section-height-default elementor-section-height-default\" data-id=\"a7af901\" data-element_type=\"section\">\n\t\t\t\t\t\t<div class=\"elementor-container elementor-column-gap-default\">\n\t\t\t\t\t<div class=\"elementor-column elementor-col-100 elementor-inner-column elementor-element elementor-element-81f7565\" data-id=\"81f7565\" data-element_type=\"column\">\n\t\t\t<div class=\"elementor-widget-wrap elementor-element-populated\">\n\t\t\t\t\t\t\t\t<div class=\"elementor-element elementor-element-070227c elementor-widget elementor-widget-text-editor\" data-id=\"070227c\" data-element_type=\"widget\" data-widget_type=\"text-editor.default\">\n\t\t\t\t<div class=\"elementor-widget-container\">\n\t\t\t<style>\/*! elementor - v3.6.8 - 27-07-2022 *\/\n.elementor-widget-text-editor.elementor-drop-cap-view-stacked .elementor-drop-cap{background-color:#818a91;color:#fff}.elementor-widget-text-editor.elementor-drop-cap-view-framed .elementor-drop-cap{color:#818a91;border:3px solid;background-color:transparent}.elementor-widget-text-editor:not(.elementor-drop-cap-view-default) .elementor-drop-cap{margin-top:8px}.elementor-widget-text-editor:not(.elementor-drop-cap-view-default) .elementor-drop-cap-letter{width:1em;height:1em}.elementor-widget-text-editor .elementor-drop-cap{float:left;text-align:center;line-height:1;font-size:50px}.elementor-widget-text-editor .elementor-drop-cap-letter{display:inline-block}<\/style>\t\t\t\t<p><strong>K\u00e4ytt\u00f6ehdot &#8211; Versio 3.11.2023<\/strong><\/p>\n<h3>Palvelun kuvaus<\/h3>\n<p>T\u00e4m\u00e4 k\u00e4ytt\u00f6oikeussopimus koskee seuraavia palveluita:<\/p>\n<ul>\n<li>kotisatamandeitti.fi<\/li>\n<li>\u201cValo &#8211; Kotisataman Deitti\u201d-sovellus<\/li>\n<\/ul>\n<p>Kotisataman Valo Oy voi lis\u00e4t\u00e4 palveluun ominaisuuksia ja poistaa niit\u00e4 k\u00e4yt\u00f6st\u00e4 harkintansa mukaan. Kotisataman Valo Oy voi muuttaa palveluiden sis\u00e4lt\u00f6\u00e4, sopimusta tai palveluiden k\u00e4ytt\u00e4miseen tarvittavia laitteita koskevia vaatimuksia ilman ennakkoilmoitusta.<\/p>\n<p>K\u00e4ytt\u00e4j\u00e4 sitoutuu noudattamaan t\u00e4m\u00e4n k\u00e4ytt\u00f6oikeussopimuksen lis\u00e4ksi palvelun yll\u00e4pidon antamia ohjeita.<\/p>\n<p><\/p>\n<h3>Rekister\u00f6ityminen k\u00e4ytt\u00e4j\u00e4ksi<\/h3>\n<p>K\u00e4ytt\u00e4j\u00e4n pit\u00e4\u00e4 rekister\u00f6ity\u00e4 palveluun ja ilmoittaa Kotisataman Valo Oy:n pyyt\u00e4m\u00e4t tiedot rekister\u00f6innin yhteydess\u00e4. K\u00e4ytt\u00e4j\u00e4n pit\u00e4\u00e4 olla t\u00e4ysi-ik\u00e4inen.<\/p>\n<p>Luomalla tilin Valoon, liityt automaattisesti Valon uutiskirjeen tilaajaksi. Uutiskirjeen peruminen tapahtuu joko pyyt\u00e4m\u00e4ll\u00e4 poistoa uutiskirjeen tilaajista tai k\u00e4ytt\u00e4m\u00e4ll\u00e4 uutiskirjeen &#8220;Peruuta tilaus&#8221;-toimintoa.&nbsp;<\/p>\n<p><\/p>\n<h3>K\u00e4ytt\u00e4j\u00e4tunnus ja salasana<\/h3>\n<p>Osaa palvelusta voi k\u00e4ytt\u00e4\u00e4 vain henkil\u00f6kohtaisella k\u00e4ytt\u00e4j\u00e4tunnuksella ja salasanalla. K\u00e4ytt\u00e4j\u00e4n tulee s\u00e4ilytt\u00e4\u00e4 k\u00e4ytt\u00e4j\u00e4tunnusta ja salasanaa huolellisesti siten, ett\u00e4 ne eiv\u00e4t joudu muiden tietoon ilman k\u00e4ytt\u00e4j\u00e4n suostumusta. K\u00e4ytt\u00e4j\u00e4 vastaa kaikista h\u00e4nen k\u00e4ytt\u00e4j\u00e4tunnuksellaan ja salasanallaan tehdyist\u00e4 toimista. Mik\u00e4li k\u00e4ytt\u00e4j\u00e4tunnus tai salasana on joutunut sivullisen tietoon ilman k\u00e4ytt\u00e4j\u00e4n suostumusta, k\u00e4ytt\u00e4j\u00e4n tulee omatoimisesti vaihtaa salasanansa. Ongelmatilanteissa tulee ottaa yhteytt\u00e4 palvelun yll\u00e4pitoon.<\/p>\n<p>K\u00e4ytt\u00e4j\u00e4 saa rekister\u00f6ity\u00e4 vain yhteen kertaan yhteen palveluun ja h\u00e4nen pit\u00e4\u00e4 tehd\u00e4 rekister\u00f6inti omilla tiedoillaan.<\/p>\n<p><\/p>\n<h3>K\u00e4ytt\u00e4j\u00e4n velvoitteet<\/h3>\n<p>Palvelua k\u00e4ytt\u00e4ess\u00e4\u00e4n k\u00e4ytt\u00e4j\u00e4 sitoutuu noudattamaan Suomen lakia ja muita soveltuvia s\u00e4\u00e4nn\u00f6ksi\u00e4 sek\u00e4 hyvi\u00e4 tapoja. K\u00e4ytt\u00e4j\u00e4 sitoutuu olemaan tallentamatta, levitt\u00e4m\u00e4tt\u00e4, l\u00e4hett\u00e4m\u00e4tt\u00e4, linkitt\u00e4m\u00e4tt\u00e4 tai v\u00e4litt\u00e4m\u00e4tt\u00e4 palvelussa aineistoa, joka on lain, hyvien tapojen tai kristillisten arvojen vastaista. K\u00e4ytt\u00e4j\u00e4 ei saa my\u00f6sk\u00e4\u00e4n levitt\u00e4\u00e4 apostolisen uskontunnustuksen vastaisia oppeja palvelun kautta. K\u00e4ytt\u00e4j\u00e4 sitoutuu olemaan levitt\u00e4m\u00e4tt\u00e4 mink\u00e4\u00e4nlaista kaupallista mainontaa tai informaatiota sivustolla. K\u00e4ytt\u00e4j\u00e4 sitoutuu olemaan k\u00e4ytt\u00e4m\u00e4tt\u00e4 palvelua lain tai hyvien tapojen vastaisiin toimenpiteisiin joita ovat esim. hakkerointi, salasanojen utelu ja muu vastaava yleist\u00e4 toimivuutta haittaava toiminta. T\u00e4m\u00e4nkaltaiset tapaukset ilmoitetaan aina poliisille.<\/p>\n<p>K\u00e4ytt\u00e4j\u00e4 vastaa siit\u00e4 etteiv\u00e4t h\u00e4nen k\u00e4ytt\u00e4m\u00e4ns\u00e4 laitteet tai ohjelmistot aiheuta haittaa palvelulle tai muille palvelun k\u00e4ytt\u00e4jille.<\/p>\n<p>K\u00e4ytt\u00e4j\u00e4 sitoutuu olemaan laittamatta palveluun mit\u00e4\u00e4n tekij\u00e4noikeuden alaista materiaalia mukaan lukien muiden kuvia, musiikkia tai videoita.<\/p>\n<p>K\u00e4ytt\u00e4j\u00e4 my\u00f6nt\u00e4\u00e4 Kotisataman Valo Oy:lle oikeuden tarvittaessa korvauksetta muuttaa, kopioida, poistaa, julkaista tai olla julkaisematta sis\u00e4lt\u00f6\u00e4, jonka k\u00e4ytt\u00e4j\u00e4 on t\u00e4ss\u00e4 palvelussa tuonut saataville.<\/p>\n<p>K\u00e4ytt\u00e4j\u00e4 sitoutuu olemaan lojaali palvelun yll\u00e4pitoa kohtaan. T\u00e4m\u00e4 tarkoittaa mm. sit\u00e4, ett\u00e4 k\u00e4ytt\u00e4j\u00e4 ei rupea ker\u00e4\u00e4m\u00e4\u00e4n joukkoa joko jotain yksitt\u00e4ist\u00e4 k\u00e4ytt\u00e4j\u00e4\u00e4 tai palvelun yll\u00e4pitoa vastaan. K\u00e4ytt\u00e4j\u00e4 sitoutuu my\u00f6s siihen, ett\u00e4 ei julkaise yll\u00e4pidolta saamiaan viestej\u00e4 blogissa tai muissa julkisissa foorumeissa.<\/p>\n<p>K\u00e4ytt\u00e4j\u00e4n tulee hyv\u00e4ksy\u00e4 ne sanktiot jotka m\u00e4\u00e4r\u00e4ytyv\u00e4t h\u00e4nen mahdollisesta s\u00e4\u00e4nt\u00f6jenvastaisesta toiminnastaan. Yll\u00e4pidon antamista huomautuksista, varoituksista ja porttikielloista ei voi valittaa. Porttikiellon ollessa voimassa ei saa rekister\u00f6ity\u00e4 uudelleen uudella tunnuksella.<\/p>\n<p>Yll\u00e4pito voi ottaa joko kaikki oikeudet tai osan oikeuksista pois mik\u00e4li k\u00e4ytt\u00e4j\u00e4 rikkoo palvelun s\u00e4\u00e4nt\u00f6j\u00e4. Jos k\u00e4ytt\u00e4j\u00e4 on maksanut palvelun k\u00e4ytt\u00f6maksun ja\/tai ostanut lis\u00e4palveluita ja toimii ohjeiden vastaisesti, h\u00e4nelle ei palauteta k\u00e4ytt\u00f6maksua takaisin miss\u00e4\u00e4n tilanteissa. K\u00e4ytt\u00e4j\u00e4 tiedostaa sen, ett\u00e4 h\u00e4n menett\u00e4\u00e4 maksamansa k\u00e4ytt\u00f6maksun ja muut tehdyt maksut mik\u00e4li toimii ohjeiden vastaisesti ja saa porttikiellon palveluun. Jos poistettu k\u00e4ytt\u00e4j\u00e4 rekister\u00f6ityy palveluun uudella tunnuksella, h\u00e4nelt\u00e4 voidaan ottaa oikeudet edelleen pois aikaisemman toiminnan vuoksi ilman eri ilmoitusta.&nbsp;<span style=\"color: var( --e-global-color-text ); font-weight: var( --e-global-typography-text-font-weight );\">K\u00e4ytt\u00f6maksua ei voi my\u00f6sk\u00e4\u00e4n siirt\u00e4\u00e4 kenellek\u00e4\u00e4n.<\/span><\/p>\n<p>Jatkuva s\u00e4\u00e4nt\u00f6jen rikkominen johtaa tunnuksen sulkemiseen palvelusta, joko m\u00e4\u00e4r\u00e4ajaksi tai lopullisesti. S\u00e4\u00e4nt\u00f6jen t\u00f6rke\u00e4 rikkominen voi johtaa oikeustoimiin, mik\u00e4li rikkomus t\u00e4ytt\u00e4\u00e4 rikoksen tunnusmerkit.<\/p>\n<p>Huomaattehan ett\u00e4 alastonkuvien pyyt\u00e4m\u00e4tt\u00e4 l\u00e4hett\u00e4minen on rikoslaissa m\u00e4\u00e4ritetty rikos. Rikoksista l\u00e4htee automaattisesti ilmoitus virkavallalle.&nbsp;<\/p>\n<p><\/p>\n<h3>Kotisataman Deitin ja Valon k\u00e4ytt\u00e4j\u00e4n velvoitteet<\/h3>\n<p>Lis\u00e4ksi Kotisataman Deitin sek\u00e4 Valon k\u00e4ytt\u00e4j\u00e4 sitoutuu seuraaviin:<\/p>\n<p>K\u00e4ytt\u00e4j\u00e4 huolehtii siit\u00e4 ett\u00e4 h\u00e4nen l\u00e4hett\u00e4m\u00e4ns\u00e4 tiedot ovat totta. H\u00e4n ei saa johtaa muita harhaan virheellisill\u00e4 henkil\u00f6tiedoilla tai kuvitteellisilla tarinoilla.<\/p>\n<p>K\u00e4ytt\u00e4j\u00e4 huolehtii ett\u00e4 profiilin sis\u00e4lt\u00f6 on asiallinen ja kristillisten arvojen mukainen. Irtosuhteiden, Sugar daddy-suhteiden ja seksikumppaneiden hakeminen Valossa on kielletty.&nbsp;<\/p>\n<p>K\u00e4ytt\u00e4j\u00e4 lupautuu k\u00e4ytt\u00e4ytym\u00e4\u00e4n yst\u00e4v\u00e4llisesti, asiallisesti ja kohteliaasti muita kohtaan. H\u00e4n ei saa viestinn\u00e4ll\u00e4\u00e4n h\u00e4irit\u00e4 muita k\u00e4ytt\u00e4ji\u00e4 esimerkiksi sopimattomien ehdotusten tai jatkuvien yhteydenottopyynt\u00f6jen muodossa. K\u00e4ytt\u00e4j\u00e4 sitoutuu l\u00e4hett\u00e4m\u00e4\u00e4n ainoastaan kristillisten arvojen mukaisia ilmoituksia, viestej\u00e4 ja vastauksia deittipalvelussa.<\/p>\n<p>K\u00e4ytt\u00e4j\u00e4 ei saa kopioida muiden deittik\u00e4ytt\u00e4jien tuottamaa sis\u00e4lt\u00f6\u00e4 omaan profiiliinsa eik\u00e4 julkaista saamiaan yksityisviestej\u00e4 blogeissaan tai muuallakaan palvelussamme. My\u00f6s henkil\u00f6kohtaisiksi tarkoitettujen yksityisviestien v\u00e4litt\u00e4minen muiden tietoon on kielletty\u00e4. K\u00e4ytt\u00e4j\u00e4 ei siis saa toiminnallaan vaarantaa muiden k\u00e4ytt\u00e4jien yksityisyyden suojaa.<\/p>\n<p>Kotisataman deittipalvelun sek\u00e4 Valon k\u00e4ytt\u00e4j\u00e4 on velvollinen ilmoittamaan palvelun yll\u00e4pitoon, mik\u00e4li h\u00e4n huomaa palvelussa asiattomia seuranhakuilmoituksia.<\/p>\n<p>Huomaa, ett\u00e4 asiattomiksi viesteiksi lasketaan my\u00f6s massapostituksena l\u00e4hetetyt viestit. Tarkoituksena on rohkaista ihmisi\u00e4 merkitykselliseen, henkil\u00f6kohtaiseen viestinvaihtoon.<\/p>\n<p>K\u00e4ytt\u00e4j\u00e4 ei saa toistuvasti poistaa ja luoda palveluun uusia tilej\u00e4.<\/p>\n<p>K\u00e4ytt\u00e4j\u00e4 ei saa luoda palveluun jatkuvasti uusia tunnuksia eri rekister\u00f6itymistapoja ja kirjautumiss\u00e4hk\u00f6postia k\u00e4ytt\u00e4en.<\/p>\n<p>K\u00e4ytt\u00e4j\u00e4 ei saa k\u00e4ytt\u00e4\u00e4 profiiliaan Valossa mainoksena omalle yritykselleen tai sosiaalisen median tililleen.<\/p>\n<p>K\u00e4ytt\u00e4j\u00e4 ei saa sis\u00e4llytt\u00e4\u00e4 profiilin tietoihin sosiaalisen median tunnuksia. N\u00e4m\u00e4 eiv\u00e4t kuulu julkiseen Valo-profiiliin. Yll\u00e4pito pid\u00e4tt\u00e4\u00e4 oikeuden poistaa profiilin tietoja, mik\u00e4li niiss\u00e4 esiintyy sosiaalisen median tunnuksia. Mik\u00e4li k\u00e4ytt\u00e4j\u00e4 toistuvasti lis\u00e4\u00e4 t\u00e4llaisia tietoja profiiliinsa, yll\u00e4pidolla on oikeus poistaa tili ja tarvittaessa antaa k\u00e4ytt\u00e4j\u00e4lle porttikielto palveluun.<\/p>\n<p><span style=\"color: var( --e-global-color-text ); font-weight: var( --e-global-typography-text-font-weight );\">Palvelun k\u00e4ytt\u00e4j\u00e4n tulee ymm\u00e4rt\u00e4\u00e4 etteiv\u00e4t palvelun nettipersoonat v\u00e4ltt\u00e4m\u00e4tt\u00e4 vastaa t\u00e4ysin todellisuutta. Siksi h\u00e4nen tulee noudattaa varovaisuutta yhteydenotoissaan. Mik\u00e4li k\u00e4ytt\u00e4j\u00e4 joutuu jatkuvan h\u00e4irik\u00f6innin uhriksi tutustuessaan deittiprofiileihin h\u00e4nen on ilmoitettava asiasta yll\u00e4pitoon ja teht\u00e4v\u00e4 itse mahdollinen rikosilmoitus poliisille niin halutessaan.<\/span><\/p>\n<p><\/p>\n<p><\/p>\n<h3>Kotisataman Valo Oy:n oikeudet ja velvoitteet<\/h3>\n<p>Kotisataman Valo Oy pid\u00e4tt\u00e4\u00e4 oikeuden muuttaa k\u00e4ytt\u00f6ehtoja ilman erillisilmoitusta.<br><\/p><p>Kotisataman Valo Oy pyrkii varmistamaan palvelun virheett\u00f6m\u00e4n toiminnan, mutta ei takaa jatkuvaa palvelun virheet\u00f6nt\u00e4 toimintaa.<\/p>\n<p>Kotisataman Valo Oy ei vastaa k\u00e4ytt\u00e4j\u00e4lle tai kolmansille osapuolille aiheutuneista vahingoista, jotka johtuvat palvelun k\u00e4yt\u00f6st\u00e4. Kotisataman Valo Oy ei my\u00f6sk\u00e4\u00e4n ole mill\u00e4\u00e4n tavoin vastuussa palvelun ja k\u00e4ytt\u00e4j\u00e4n v\u00e4lisest\u00e4 tietoturvasta, eik\u00e4 vastaa viestien sis\u00e4ll\u00f6st\u00e4 eik\u00e4 perillemenosta.<\/p>\n<p>Kotisataman Valo Oy ei ole vastuussa k\u00e4ytt\u00e4j\u00e4n palveluun tuottaman sis\u00e4ll\u00f6n mahdollisesta tuhoutumisesta, vahingoittumisesta tai tallentamatta j\u00e4tt\u00e4misest\u00e4.<\/p>\n<p>Kotisataman Valo Oy ei ole vastuussa k\u00e4ytt\u00e4jien toisilleen mahdollisesti aiheuttamista henkisist\u00e4 tai fyysisist\u00e4 vahingoista.<\/p>\n<p>Kotisataman Valo Oy voi lopettaa palvelun tarjoamisen tai irtisanoa t\u00e4m\u00e4n sopimuksen ilman etuk\u00e4teisvaroitusta, ja n\u00e4iss\u00e4 tapauksissa se voi poistaa kaikki k\u00e4ytt\u00e4j\u00e4n tiedot.<\/p>\n<p>Kotisataman Valo Oy pid\u00e4tt\u00e4\u00e4 oikeuden korjata k\u00e4ytt\u00e4j\u00e4n sy\u00f6tt\u00e4mi\u00e4 virheellisi\u00e4 tietoja ja poistaa profiilin palvelusta ilman erillist\u00e4 ilmoitusta. Kotisataman Valo oy pid\u00e4tt\u00e4\u00e4 oikeuden my\u00f6s antaa k\u00e4ytt\u00e4j\u00e4lle porttikiellon palveluun mik\u00e4li k\u00e4ytt\u00e4j\u00e4 toistuvasti rikkoo k\u00e4ytt\u00f6ehtoja.<\/p>\n<p>Kotisataman Valo Oy pid\u00e4tt\u00e4\u00e4 oikeuden poistaa k\u00e4ytt\u00e4j\u00e4 palvelusta ep\u00e4illyst\u00e4 k\u00e4ytt\u00f6ehtojen rikkomisesta ilman erillisilmoitusta tai etuk\u00e4teisvaroitusta.&nbsp;<\/p>\n<p>Kotisataman Valo Oy pid\u00e4tt\u00e4\u00e4 oikeuden antaa k\u00e4ytt\u00e4j\u00e4lle porttikiellon palveluun&nbsp;<span style=\"color: var( --e-global-color-text ); font-family: var( --e-global-typography-text-font-family ), Sans-serif; font-weight: var( --e-global-typography-text-font-weight );\">ep\u00e4illyst\u00e4 k\u00e4ytt\u00f6ehtojen rikkomisesta ilman erillisilmoitusta tai etuk\u00e4teisvaroitusta.&nbsp;<\/span><\/p>\n<p>Kotisataman Valo Oy pid\u00e4tt\u00e4\u00e4 oikeuden rajoittaa k\u00e4ytt\u00e4jien n\u00e4kyvyytt\u00e4 palvelussa mik\u00e4li k\u00e4ytt\u00f6ehtoja rikotaan.<\/p>\n<p>Kotisataman Valo Oy ei valvo, tutki, muokkaa eik\u00e4 luovuta k\u00e4ytt\u00e4jien yksityisviestej\u00e4 kolmansille osapuolille muissa kuin seuraavissa tilanteissa:<\/p>\n<ul>\n<li>lain tai muun s\u00e4\u00e4nn\u00f6ksen vaatimana<\/li>\n<li>jos se on tarpeen k\u00e4ytt\u00f6ehtojen loukkauksen tutkimiseksi tai est\u00e4miseksi<\/li>\n<li>jos se on tarpeen Kotisataman Valo Oy:n tai kolmannen osapuolen oikeuksien suojaamiseksi.<\/li>\n<\/ul>\n<p>Kotisataman Valo Oy:lla on oikeus muuttaa tai laajentaa palvelua ja sen k\u00e4ytt\u00f6ehtoja niin halutessaan.<\/p>\n<p>Edell\u00e4mainituista ehdoista voidaan poiketa viranomaisten vaatimuksesta ja Kotisataman Valo Oy voi luovuttaa tietoja viranomaisille heid\u00e4n pyynn\u00f6st\u00e4\u00e4n.<\/p>\n<p><\/p>\n<h3>Tietosuoja<\/h3>\n<p>Kotisataman Valo Oy noudattaa Suomen tietosuojalains\u00e4\u00e4d\u00e4nn\u00f6n s\u00e4\u00e4nn\u00f6ksi\u00e4 henkil\u00f6tietoja k\u00e4sitelless\u00e4\u00e4n. Tarkemmin tietosuojaselosteessa.<\/p>\n<p>Oikeudet palveluihin<br>Kaikki oikeudet (esimerkiksi tekij\u00e4noikeudet ja muut immateriaalioikeudet) palvelussa kuuluvat Kotisataman Valo Oy:lle.<\/p>\n<p><\/p>\n<h3>Linkit ja mainokset<\/h3>\n<p>Kotisataman Valo Oy ei vastaa palvelussa olevien mainosten sis\u00e4ll\u00f6st\u00e4, eik\u00e4 mainoksissa tai linkeiss\u00e4 tarjottavien palveluiden sis\u00e4ll\u00f6st\u00e4, virheett\u00f6myydest\u00e4 tai niit\u00e4 koskevien tietojen oikeellisuudesta.<\/p>\n<p><\/p>\n<h3>Tilaukset<\/h3>\n<p>Mobiilisovellus Valon tilaukset ovat automaattisesti uusiutuvia tilauksia. Tilaus ei uusiudu laskutuskauden vaihteessa, jos se peruutetaan 24 tuntia ennen laskutuskauden vaihtumista. Sovelluskauppojen kautta tehdyt tilaukset peruutetaan suoraan sovelluskaupasta. Muilla maksutavoilla tehdyt tilaukset peruutetaan s\u00e4hk\u00f6posti-ilmoituksella tuki@kotisatamanvalo.fi-osoitteeseen.<\/p>\n<p><\/p>\n<h3>Sovellettava laki ja oikeustoimipaikka<\/h3>\n<p>Palveluihin ja n\u00e4ihin ehtoihin sovelletaan Suomen lakia. Kaikki k\u00e4ytt\u00f6ehtoja ja palvelua koskevat riidat k\u00e4sitell\u00e4\u00e4n Helsingin k\u00e4r\u00e4j\u00e4oikeudessa.<\/p>\t\t\t\t\t\t<\/div>\n\t\t\t\t<\/div>\n\t\t\t\t\t<\/div>\n\t\t<\/div>\n\t\t\t\t\t\t\t<\/div>\n\t\t<\/section>\n\t\t\t\t\t<\/div>\n\t\t<\/div>\n\t\t\t\t\t\t\t<\/div>\n\t\t<\/section>\n\t\t\t\t\t\t\t<\/div>\n\t\t","protected":false},"excerpt":{"rendered":"<p>K\u00e4ytt\u00f6ehdot &#8211; Versio 3.11.2023 Palvelun kuvaus T\u00e4m\u00e4 k\u00e4ytt\u00f6oikeussopimus koskee seuraavia palveluita: kotisatamandeitti.fi [&hellip;]<\/p>\n","protected":false},"author":1,"featured_media":0,"parent":0,"menu_order":0,"comment_status":"closed","ping_status":"closed","template":"elementor_header_footer","meta":{"footnotes":""},"_links":{"self":[{"href":"https:\/\/valoapp.io\/fi\/wp-json\/wp\/v2\/pages\/940"}],"collection":[{"href":"https:\/\/valoapp.io\/fi\/wp-json\/wp\/v2\/pages"}],"about":[{"href":"https:\/\/valoapp.io\/fi\/wp-json\/wp\/v2\/types\/page"}],"author":[{"embeddable":true,"href":"https:\/\/valoapp.io\/fi\/wp-json\/wp\/v2\/users\/1"}],"replies":[{"embeddable":true,"href":"https:\/\/valoapp.io\/fi\/wp-json\/wp\/v2\/comments?post=940"}],"version-history":[{"count":65,"href":"https:\/\/valoapp.io\/fi\/wp-json\/wp\/v2\/pages\/940\/revisions"}],"predecessor-version":[{"id":1434,"href":"https:\/\/valoapp.io\/fi\/wp-json\/wp\/v2\/pages\/940\/revisions\/1434"}],"wp:attachment":[{"href":"https:\/\/valoapp.io\/fi\/wp-json\/wp\/v2\/media?parent=940"}],"curies":[{"name":"wp","href":"https:\/\/api.w.org\/{rel}","templated":true}]}}