{"id":952,"date":"2022-06-30T09:13:29","date_gmt":"2022-06-30T09:13:29","guid":{"rendered":"http:\/\/valoapp1.de14.fcomet.com\/fi\/?page_id=952"},"modified":"2022-07-01T08:18:15","modified_gmt":"2022-07-01T08:18:15","slug":"privacy","status":"publish","type":"page","link":"https:\/\/valoapp.io\/fi\/privacy\/","title":{"rendered":"Tietosuojalauseke"},"content":{"rendered":"\t\t<div data-elementor-type=\"wp-page\" data-elementor-id=\"952\" class=\"elementor elementor-952\">\n\t\t\t\t\t\t\t\t\t<section class=\"elementor-section elementor-top-section elementor-element elementor-element-240d024 elementor-section-boxed elementor-section-height-default elementor-section-height-default\" data-id=\"240d024\" data-element_type=\"section\">\n\t\t\t\t\t\t<div class=\"elementor-container elementor-column-gap-default\">\n\t\t\t\t\t<div class=\"elementor-column elementor-col-100 elementor-top-column elementor-element elementor-element-474103f\" data-id=\"474103f\" data-element_type=\"column\">\n\t\t\t<div class=\"elementor-widget-wrap elementor-element-populated\">\n\t\t\t\t\t\t\t\t<div class=\"elementor-element elementor-element-95b6b3e elementor-widget elementor-widget-text-editor\" data-id=\"95b6b3e\" data-element_type=\"widget\" data-widget_type=\"text-editor.default\">\n\t\t\t\t<div class=\"elementor-widget-container\">\n\t\t\t<style>\/*! elementor - v3.6.8 - 27-07-2022 *\/\n.elementor-widget-text-editor.elementor-drop-cap-view-stacked .elementor-drop-cap{background-color:#818a91;color:#fff}.elementor-widget-text-editor.elementor-drop-cap-view-framed .elementor-drop-cap{color:#818a91;border:3px solid;background-color:transparent}.elementor-widget-text-editor:not(.elementor-drop-cap-view-default) .elementor-drop-cap{margin-top:8px}.elementor-widget-text-editor:not(.elementor-drop-cap-view-default) .elementor-drop-cap-letter{width:1em;height:1em}.elementor-widget-text-editor .elementor-drop-cap{float:left;text-align:center;line-height:1;font-size:50px}.elementor-widget-text-editor .elementor-drop-cap-letter{display:inline-block}<\/style>\t\t\t\t<p><strong>Tietosuojalauseke<\/strong><\/p><h3>Rekisteriseloste (versio 30.6.2022)<\/h3><p>Rekisterinpit\u00e4j\u00e4ll\u00e4 on tietosuoja-asetuksen mukaan velvollisuus informoida selke\u00e4ll\u00e4 tavalla rekister\u00f6ityj\u00e4. T\u00e4m\u00e4 seloste t\u00e4ytt\u00e4\u00e4 informointivelvoitteen. T\u00e4ss\u00e4 selosteessa kerrotaan, mill\u00e4 tavoin Kotisataman Valo Oy k\u00e4ytt\u00e4\u00e4 ja suojaa tietoja, jotka k\u00e4ytt\u00e4j\u00e4 antaa Kotisataman Valo Oy:n Internet- palveluja k\u00e4ytt\u00e4ess\u00e4\u00e4n.<\/p><p>Kotisataman Valo Oy noudattaa hyvi\u00e4 verkkokaupank\u00e4ynnin tapoja kunnioittaen asiakkaan tietoturvaa ja yksityisyyden suojaa sek\u00e4 sitoutuu huolehtimaan kaikkien k\u00e4ytt\u00e4jiens\u00e4 yksityisyydest\u00e4 parhaalla mahdollisella tavalla. Mik\u00e4li pyyd\u00e4mme k\u00e4ytt\u00e4j\u00e4\u00e4 ilmoittamaan tunnistetietoja, joilla k\u00e4ytt\u00e4j\u00e4 voidaan sivuilla tunnistaa, vakuutamme ett\u00e4 annettuja tietoja k\u00e4ytet\u00e4\u00e4n ainoastaan t\u00e4ss\u00e4 lausunnossa annettujen tietojen mukaisesti.<\/p><p>Kotisataman Valo Oy saattaa muuttaa n\u00e4it\u00e4 tietoja ajoittain sivustoja p\u00e4ivitett\u00e4ess\u00e4, jonka vuoksi k\u00e4ytt\u00e4j\u00e4n tulisi tarkistaa t\u00e4m\u00e4n tietosuojalausunnon tiedot s\u00e4\u00e4nn\u00f6llisin v\u00e4liajoin p\u00e4ivitettyjen tietojen varalta.<\/p><h4>1. Rekisterinpit\u00e4j\u00e4<\/h4><p>Kotisataman Valo Oy, Kotikalliontie 6, 21620 KUUSISTO<\/p><p>Yhteystiedot rekisteri\u00e4 koskevissa asioissa:<\/p><p>Kotisataman Valo Oy &#8211; Erkka Simolin<\/p><p>Kotikalliontie 6, 21620 KUUSISTO<\/p><p>tuki@kotisatamanvalo.fi<\/p><h4>2. Rekister\u00f6idyt<\/h4><p>Rekisteriss\u00e4 on seuraavien palveluiden asiakkaat \/ k\u00e4ytt\u00e4j\u00e4t:<\/p><p>Kotisataman Valo Oy:n asiakkaat<\/p><p>Valo-sovelluksen rekister\u00f6ityneet k\u00e4ytt\u00e4j\u00e4t<\/p><p>Markkinointiluvan antaneiden rekisteri<\/p><h4>3. Henkil\u00f6tietojen k\u00e4ytt\u00f6tarkoitus<\/h4><p>Rekisterin pit\u00e4misen peruste:<\/p><p>Henkil\u00f6tietoja k\u00e4sitell\u00e4\u00e4n rekister\u00f6idyn asiakassuhteen perusteella.<\/p><p>Henkil\u00f6tietoja k\u00e4sitell\u00e4\u00e4n suostumuksen perusteella (esim. messuilla ker\u00e4tty potentiaalilista, lomakkeelle kysytty lupa markkinointiin).<\/p><p>Henkil\u00f6tietoja k\u00e4sitell\u00e4\u00e4n vain ennalta m\u00e4\u00e4riteltyihin tarkoituksiin, jotka ovat seuraavat:<\/p><p>asiakassuhteen hoitaminen<\/p><p>palveluistamme kertominen<\/p><h4>4. Rekisteriin tallennettavat henkil\u00f6tiedot<\/h4><p>Asiakasrekisteri sis\u00e4lt\u00e4\u00e4 seuraavat tiedot:<\/p><p>Yhteystiedot<\/p><p>nimi<\/p><p>osoite<\/p><p>s\u00e4hk\u00f6posti<\/p><p>puhelinnumero<\/p><p>sijaintitieto<\/p><p>sukupuoli<\/p><p>syntym\u00e4aika<\/p><p>Asiakastiedot<\/p><p>tiedot ostetuista tuotteista \/ palveluista<\/p><p>Asiakkaan itse palveluihin tallentama tieto<\/p><h4>5. Rekister\u00f6idyn oikeudet<\/h4><p>Rekister\u00f6idyll\u00e4 on seuraavat oikeudet, joiden k\u00e4ytt\u00e4mist\u00e4 koskevat pyynn\u00f6t tulee tehd\u00e4 osoitteeseen\u00a0tuki@kotisatamanvalo.fi<\/p><p>Tarkastusoikeus<\/p><p>Rekister\u00f6ity voi tarkistaa tallentamamme henkil\u00f6tiedot.<\/p><p>Oikeus tietojen oikaisemiseen<\/p><p>Rekister\u00f6ity voi pyyt\u00e4\u00e4 oikaisemaan h\u00e4nt\u00e4 koskevat virheelliset tai puutteelliset tiedot.<\/p><p>Vastustamisoikeus<\/p><p>Rekister\u00f6ity voi vastustaa henkil\u00f6tietojen k\u00e4sittely\u00e4, mik\u00e4li kokee, ett\u00e4 henkil\u00f6tietoja on k\u00e4sitelty lainvastaisesti.<\/p><p>Suoramarkkinointikielto<\/p><p>Rekister\u00f6idyll\u00e4 on oikeus kielt\u00e4\u00e4 tietojen k\u00e4ytt\u00e4minen suoramarkkinointiin.<\/p><p>Poisto-oikeus<\/p><p>Rekister\u00f6idyll\u00e4 on oikeus pyyt\u00e4\u00e4 tietojen poistamista, jos tietojen k\u00e4sittely ei ole tarpeen. K\u00e4sittelemme poistopyynn\u00f6n, jonka j\u00e4lkeen joko poistamme tiedot tai ilmoitamme perustellun syyn, miksi tietoja ei voida poistaa.<\/p><p>On huomioitava, ett\u00e4 rekisterinpit\u00e4j\u00e4ll\u00e4 voi olla lakis\u00e4\u00e4teinen tai muu oikeus olla poistamatta pyydetty\u00e4 tietoa. Rekisterinpit\u00e4j\u00e4ll\u00e4 on velvollisuus s\u00e4ilytt\u00e4\u00e4 kirjanpitoaineisto Kirjanpitolaissa (luku 2, 10 \u00a7) m\u00e4\u00e4ritellyn ajan (10 vuotta) mukaisesti. T\u00e4m\u00e4n vuoksi kirjanpitoon liittyv\u00e4\u00e4 aineistoa ei voida poistaa ennen m\u00e4\u00e4r\u00e4ajan umpeutumista.<\/p><p>Suostumuksen peruuttaminen<\/p><p>Jos rekister\u00f6ity\u00e4 koskeva henkil\u00f6tietojen k\u00e4sittely perustuu ainoastaan suostumukseen, eik\u00e4 esim. asiakkuuteen tai j\u00e4senyyteen, voi rekister\u00f6ity peruuttaa suostumuksen.<\/p><p>Rekister\u00f6ity voi valittaa p\u00e4\u00e4t\u00f6ksest\u00e4 tietosuojavaltuutetulle<\/p><p>Rekister\u00f6idyll\u00e4 on oikeus vaatia, ett\u00e4 rajoitamme kiistanalaisten tietojen k\u00e4sittely\u00e4 siksi aikaa, kunnes asia saadaan ratkaistua.<\/p><p>Valitusoikeus<\/p><p>Rekister\u00f6idyll\u00e4 on oikeus tehd\u00e4 valitus tietosuojavaltuutetulle kantelu, jos h\u00e4n kokee, ett\u00e4 rikomme henkil\u00f6tietoja k\u00e4sitelless\u00e4mme voimassa olevaa tietosuojalains\u00e4\u00e4d\u00e4nt\u00f6\u00e4.<\/p><p>Tietosuojavaltuutetun yhteystiedot: \u00a0www.tietosuoja.fi\/fi\/index\/yhteystiedot.html<\/p><h4>6. S\u00e4\u00e4nn\u00f6nmukaiset tietol\u00e4hteet<\/h4><p>Asiakastiedot saadaan s\u00e4\u00e4nn\u00f6nmukaisesti:<\/p><p>asiakkaalta itselt\u00e4\u00e4n asiakassuhteen syntyess\u00e4<\/p><p>asiakkaalta itselt\u00e4\u00e4n asiakkaan rekister\u00f6ityess\u00e4 palvelun k\u00e4ytt\u00e4j\u00e4ksi<\/p><p>asiakkaalta itselt\u00e4\u00e4n verkkolomakkeen kautta<\/p><h4>7. S\u00e4\u00e4nn\u00f6nmukaiset tietojen luovutukset<\/h4><p>Tietoja ei p\u00e4\u00e4s\u00e4\u00e4nt\u00f6isesti luovuteta markkinointitarkoituksiin Kotisataman Valo Oy:n ulkopuolelle.<\/p><p>Olemme varmistaneet, ett\u00e4 kaikki palveluntarjoajamme noudattavat tietosuojalains\u00e4\u00e4d\u00e4nt\u00f6\u00e4. K\u00e4yt\u00e4mme s\u00e4\u00e4nn\u00f6nmukaisesti seuraavia palvelutarjoajia:<\/p><ul><li>Paytrail<\/li><li>Stripe.com<\/li><li>Viestint\u00e4virasto Ficora<\/li><li>Google Firebase<\/li><li>Google Cloud Platform<\/li><li>Apple App Store<\/li><li>Google Play Store<\/li><li>Heroku<\/li><li>Amazon AWS<\/li><li>Shopify<\/li><\/ul><h4>8. K\u00e4sittelyn kesto<\/h4><p>Henkil\u00f6tietoja k\u00e4sitell\u00e4\u00e4n p\u00e4\u00e4s\u00e4\u00e4nt\u00f6isesti niin kauan, kuin asiakkuus on voimassa huomioiden viranomaisten vaatimukset tietojen s\u00e4ilytt\u00e4misen suhteen.<\/p><p>Markkinointilistaltamme rekister\u00f6ity p\u00e4\u00e4see poistumaan itse jokaisessa l\u00e4hett\u00e4m\u00e4ss\u00e4mme markkinointis\u00e4hk\u00f6postissamme olevan linkin kautta.<\/p><h4>9. Henkil\u00f6tietojen k\u00e4sittelij\u00e4t<\/h4><p>Asiakasrekisteri\u00e4 k\u00e4sittelev\u00e4t Kotisataman Valo Oy:n ty\u00f6ntekij\u00e4t. Voimme my\u00f6s ulkoistaa henkil\u00f6tietojen k\u00e4sittelyn osittain kolmannelle osapuolelle, jolloin takaamme sopimusj\u00e4rjestelyin, ett\u00e4 henkil\u00f6tietoja k\u00e4sitell\u00e4\u00e4n voimassa olevan tietosuojalains\u00e4\u00e4d\u00e4nn\u00f6n mukaisesti ja muutoin asianmukaisesti.<\/p><h4>10. Tietojen siirto EU:n ulkopuolelle<\/h4><p>Henkil\u00f6tietoja ei t\u00e4ll\u00e4 hetkell\u00e4 p\u00e4\u00e4s\u00e4\u00e4nt\u00f6isesti siirret\u00e4 EU:n tai Euroopan talousalueen ulkopuolelle.<\/p><p>Henkilo\u0308tietoja voidaan jatkossa kuitenkin siirta\u0308a\u0308 Euroopan unionin tai Euroopan talousalueen ulkopuolelle tietosuojalainsa\u0308a\u0308da\u0308nno\u0308n mukaisesti. Kun tietoja siirret\u00e4\u00e4n EU:n ja ETA:n ulkopuolelle, huolehdimme henkil\u00f6tietojen suojan riitt\u00e4v\u00e4st\u00e4 tasosta muun muassa sopimalla henkil\u00f6tietojen luottamuksellisuuteen ja k\u00e4sittelyyn liittyvist\u00e4 asioista lains\u00e4\u00e4d\u00e4nn\u00f6n edellytt\u00e4m\u00e4ll\u00e4 tavalla.<\/p><h4>11. Automaattinen p\u00e4\u00e4t\u00f6ksenteko ja profilointi<\/h4><p>Emme k\u00e4yt\u00e4 tietoja automaattiseen p\u00e4\u00e4t\u00f6ksentekoon tai profilointiin.<\/p><h4>12. Turvallisuus<\/h4><p>Olemme sitoutuneet huolehtimaan asiakkaidemme tietoturvasta. Kaikki henkil\u00f6kohtaisia tietoja k\u00e4sittelev\u00e4t osat sivustoillamme ovat SSL-suojattuja, emmek\u00e4 koskaan luovuta tietoja kolmansille osapuolille ilman k\u00e4ytt\u00e4j\u00e4n suostumusta.<\/p><h4>13. Mill\u00e4 tavoin k\u00e4yt\u00e4mme ev\u00e4steit\u00e4<\/h4><p>Ev\u00e4ste on pieni tiedosto, joka vaatii luvan tietokoneelle tallentumiseksi. Kun k\u00e4ytt\u00e4j\u00e4 hyv\u00e4ksyy ev\u00e4steen asettamisen, se auttaa verkkoliikenteen analysoimisessa tai tiet\u00e4\u00e4 milloin k\u00e4ytt\u00e4j\u00e4 k\u00e4y jollain tietyll\u00e4 sivulla. Ev\u00e4steet sallivat verkko-ohjelmien vastata k\u00e4ytt\u00e4j\u00e4lle yksil\u00f6idyll\u00e4 tavalla, sill\u00e4 ne voivat r\u00e4\u00e4t\u00e4l\u00f6id\u00e4 toimintojaan k\u00e4ytt\u00e4j\u00e4n mieltymysten mukaisesti ker\u00e4\u00e4m\u00e4ll\u00e4 ja muistamalla k\u00e4ytt\u00e4j\u00e4n aiempia toimintoja.<\/p><p>K\u00e4yt\u00e4mme ev\u00e4steit\u00e4 sivustojemme toimivuuden takaamiseen, suivustojen kehitt\u00e4miseen, mainosten ja sis\u00e4ll\u00f6n personointiin sek\u00e4 sivustoliikenteen ja markkinoinnin analysointiin. Ev\u00e4steet auttavat meit\u00e4 tarkastelemaan liikennett\u00e4 sivustoillamme ja parantamaan sivustojamme sek\u00e4 palveluitamme. K\u00e4yt\u00e4mme ev\u00e4steit\u00e4 my\u00f6s markkinoinnin analysointiin ja kohdennetun mainonnan toteuttamiseen. Osa k\u00e4ytt\u00e4mist\u00e4mme ev\u00e4steist\u00e4 on v\u00e4ltt\u00e4m\u00e4tt\u00f6mi\u00e4 sivuston toimivuuden ja tietoturvan takaamiseksi.<\/p><p>Ev\u00e4steet auttavat meit\u00e4 tarjoamaan k\u00e4ytt\u00e4jille miellytt\u00e4v\u00e4mm\u00e4n sivuston seuraamalla sivuja, jotka ovat suosittuja tai ei-suosittuja. Ev\u00e4ste ei luovuta mit\u00e4\u00e4n k\u00e4ytt\u00e4j\u00e4tietoja, joita k\u00e4ytt\u00e4j\u00e4 ei ole hyv\u00e4ksynyt ja k\u00e4ytt\u00e4j\u00e4 voi itse valita hyv\u00e4ksyyk\u00f6 ev\u00e4steet vai ei. Useimmat selaimet hyv\u00e4ksyv\u00e4t ev\u00e4steet oletuksena, mutta ne voidaan est\u00e4\u00e4 selaimen asetuksista. Ev\u00e4steiden est\u00e4minen saattaa kuitenkin aiheuttaa ongelmia joillain sivuilla.<\/p><h4>14. Linkit muille sivustoille<\/h4><p>Sivustomme saattaa sis\u00e4lt\u00e4\u00e4 linkkej\u00e4 muille web-sivustoille. K\u00e4ytt\u00e4j\u00e4n tulisi kuitenkin huomioida, ett\u00e4 muille sivuille siirtyess\u00e4 k\u00e4ytt\u00e4j\u00e4 on itse vastuussa toimistaan, sill\u00e4 meill\u00e4 ei mahdollisuutta kontrolloida ulkoisen sivuston sis\u00e4lt\u00f6\u00e4. T\u00e4m\u00e4n vuoksi emme voi ottaa mink\u00e4\u00e4nlaista vastuuta k\u00e4ytt\u00e4j\u00e4n yksityisyydensuojasta tai turvallisuudesta h\u00e4nen vieraillessaan sivustojemme ulkopuolella. Noudata varovaisuutta ulkoisilla sivustoilla ja tutki kyseisen sivuston yksityisyydensuojan seloste.<\/p>\t\t\t\t\t\t<\/div>\n\t\t\t\t<\/div>\n\t\t\t\t\t<\/div>\n\t\t<\/div>\n\t\t\t\t\t\t\t<\/div>\n\t\t<\/section>\n\t\t\t\t\t\t\t<\/div>\n\t\t","protected":false},"excerpt":{"rendered":"<p>Tietosuojalauseke Rekisteriseloste (versio 30.6.2022) Rekisterinpit\u00e4j\u00e4ll\u00e4 on tietosuoja-asetuksen mukaan velvollisuus informoida selke\u00e4ll\u00e4 tavalla [&hellip;]<\/p>\n","protected":false},"author":1,"featured_media":0,"parent":0,"menu_order":0,"comment_status":"closed","ping_status":"closed","template":"elementor_header_footer","meta":{"footnotes":""},"_links":{"self":[{"href":"https:\/\/valoapp.io\/fi\/wp-json\/wp\/v2\/pages\/952"}],"collection":[{"href":"https:\/\/valoapp.io\/fi\/wp-json\/wp\/v2\/pages"}],"about":[{"href":"https:\/\/valoapp.io\/fi\/wp-json\/wp\/v2\/types\/page"}],"author":[{"embeddable":true,"href":"https:\/\/valoapp.io\/fi\/wp-json\/wp\/v2\/users\/1"}],"replies":[{"embeddable":true,"href":"https:\/\/valoapp.io\/fi\/wp-json\/wp\/v2\/comments?post=952"}],"version-history":[{"count":13,"href":"https:\/\/valoapp.io\/fi\/wp-json\/wp\/v2\/pages\/952\/revisions"}],"predecessor-version":[{"id":1085,"href":"https:\/\/valoapp.io\/fi\/wp-json\/wp\/v2\/pages\/952\/revisions\/1085"}],"wp:attachment":[{"href":"https:\/\/valoapp.io\/fi\/wp-json\/wp\/v2\/media?parent=952"}],"curies":[{"name":"wp","href":"https:\/\/api.w.org\/{rel}","templated":true}]}}