{"id":963,"date":"2022-06-30T09:19:21","date_gmt":"2022-06-30T09:19:21","guid":{"rendered":"http:\/\/valoapp1.de14.fcomet.com\/fi\/?page_id=963"},"modified":"2026-01-05T09:42:02","modified_gmt":"2026-01-05T09:42:02","slug":"ohjeet","status":"publish","type":"page","link":"https:\/\/valoapp.io\/fi\/ohjeet\/","title":{"rendered":"Ohjeet"},"content":{"rendered":"\t\t<div data-elementor-type=\"wp-page\" data-elementor-id=\"963\" class=\"elementor elementor-963\">\n\t\t\t\t\t\t\t\t\t<section class=\"elementor-section elementor-top-section elementor-element elementor-element-1a0a7a0 elementor-section-boxed elementor-section-height-default elementor-section-height-default\" data-id=\"1a0a7a0\" data-element_type=\"section\">\n\t\t\t\t\t\t<div class=\"elementor-container elementor-column-gap-default\">\n\t\t\t\t\t<div class=\"elementor-column elementor-col-100 elementor-top-column elementor-element elementor-element-f82dbd8\" data-id=\"f82dbd8\" data-element_type=\"column\">\n\t\t\t<div class=\"elementor-widget-wrap elementor-element-populated\">\n\t\t\t\t\t\t\t\t<div class=\"elementor-element elementor-element-5ed0af7 elementor-widget elementor-widget-heading\" data-id=\"5ed0af7\" data-element_type=\"widget\" data-widget_type=\"heading.default\">\n\t\t\t\t<div class=\"elementor-widget-container\">\n\t\t\t<style>\/*! elementor - v3.6.8 - 27-07-2022 *\/\n.elementor-heading-title{padding:0;margin:0;line-height:1}.elementor-widget-heading .elementor-heading-title[class*=elementor-size-]>a{color:inherit;font-size:inherit;line-height:inherit}.elementor-widget-heading .elementor-heading-title.elementor-size-small{font-size:15px}.elementor-widget-heading .elementor-heading-title.elementor-size-medium{font-size:19px}.elementor-widget-heading .elementor-heading-title.elementor-size-large{font-size:29px}.elementor-widget-heading .elementor-heading-title.elementor-size-xl{font-size:39px}.elementor-widget-heading .elementor-heading-title.elementor-size-xxl{font-size:59px}<\/style><h2 class=\"elementor-heading-title elementor-size-default\">Valon k\u00e4ytt\u00f6ohjeet\n<\/h2>\t\t<\/div>\n\t\t\t\t<\/div>\n\t\t\t\t\t<\/div>\n\t\t<\/div>\n\t\t\t\t\t\t\t<\/div>\n\t\t<\/section>\n\t\t\t\t<section class=\"elementor-section elementor-top-section elementor-element elementor-element-1eb768a elementor-section-boxed elementor-section-height-default elementor-section-height-default\" data-id=\"1eb768a\" data-element_type=\"section\">\n\t\t\t\t\t\t<div class=\"elementor-container elementor-column-gap-default\">\n\t\t\t\t\t<div class=\"elementor-column elementor-col-100 elementor-top-column elementor-element elementor-element-8e41530\" data-id=\"8e41530\" data-element_type=\"column\">\n\t\t\t<div class=\"elementor-widget-wrap elementor-element-populated\">\n\t\t\t\t\t\t\t\t<section class=\"elementor-section elementor-inner-section elementor-element elementor-element-4b2efbb elementor-section-boxed elementor-section-height-default elementor-section-height-default\" data-id=\"4b2efbb\" data-element_type=\"section\">\n\t\t\t\t\t\t<div class=\"elementor-container elementor-column-gap-default\">\n\t\t\t\t\t<div class=\"elementor-column elementor-col-100 elementor-inner-column elementor-element elementor-element-f6aabc6\" data-id=\"f6aabc6\" data-element_type=\"column\">\n\t\t\t<div class=\"elementor-widget-wrap elementor-element-populated\">\n\t\t\t\t\t\t\t\t<div class=\"elementor-element elementor-element-f7a429c elementor-widget elementor-widget-text-editor\" data-id=\"f7a429c\" data-element_type=\"widget\" data-widget_type=\"text-editor.default\">\n\t\t\t\t<div class=\"elementor-widget-container\">\n\t\t\t<style>\/*! elementor - v3.6.8 - 27-07-2022 *\/\n.elementor-widget-text-editor.elementor-drop-cap-view-stacked .elementor-drop-cap{background-color:#818a91;color:#fff}.elementor-widget-text-editor.elementor-drop-cap-view-framed .elementor-drop-cap{color:#818a91;border:3px solid;background-color:transparent}.elementor-widget-text-editor:not(.elementor-drop-cap-view-default) .elementor-drop-cap{margin-top:8px}.elementor-widget-text-editor:not(.elementor-drop-cap-view-default) .elementor-drop-cap-letter{width:1em;height:1em}.elementor-widget-text-editor .elementor-drop-cap{float:left;text-align:center;line-height:1;font-size:50px}.elementor-widget-text-editor .elementor-drop-cap-letter{display:inline-block}<\/style>\t\t\t\t<p><strong>Valo-sovellus perustuu osumiin, jotka syntyv\u00e4t kun kaksi k\u00e4ytt\u00e4j\u00e4\u00e4 tykk\u00e4\u00e4v\u00e4t toisistaan.<\/strong><\/p><p>Kun tulee osuma, t\u00e4m\u00e4 ilmestyy sovellukseen osumat-v\u00e4lilehdelle( Toinen oikealta ). Osumien kanssa voi sitten aloittaa keskustelun. L\u00e4het\u00e4 viesti mahdollisimman nopeasti osuman saatuasi!<\/p>\t\t\t\t\t\t<\/div>\n\t\t\t\t<\/div>\n\t\t\t\t\t<\/div>\n\t\t<\/div>\n\t\t\t\t\t\t\t<\/div>\n\t\t<\/section>\n\t\t\t\t\t<\/div>\n\t\t<\/div>\n\t\t\t\t\t\t\t<\/div>\n\t\t<\/section>\n\t\t\t\t<section class=\"elementor-section elementor-top-section elementor-element elementor-element-e76a5ec elementor-section-boxed elementor-section-height-default elementor-section-height-default\" data-id=\"e76a5ec\" data-element_type=\"section\">\n\t\t\t\t\t\t<div class=\"elementor-container elementor-column-gap-default\">\n\t\t\t\t\t<div class=\"elementor-column elementor-col-100 elementor-top-column elementor-element elementor-element-418ba30\" data-id=\"418ba30\" data-element_type=\"column\">\n\t\t\t<div class=\"elementor-widget-wrap elementor-element-populated\">\n\t\t\t\t\t\t\t\t<section class=\"elementor-section elementor-inner-section elementor-element elementor-element-e0126c8 elementor-section-boxed elementor-section-height-default elementor-section-height-default\" data-id=\"e0126c8\" data-element_type=\"section\">\n\t\t\t\t\t\t<div class=\"elementor-container elementor-column-gap-default\">\n\t\t\t\t\t<div class=\"elementor-column elementor-col-100 elementor-inner-column elementor-element elementor-element-0b5bc75\" data-id=\"0b5bc75\" data-element_type=\"column\">\n\t\t\t<div class=\"elementor-widget-wrap elementor-element-populated\">\n\t\t\t\t\t\t\t\t<div class=\"elementor-element elementor-element-2504f82 elementor-widget elementor-widget-heading\" data-id=\"2504f82\" data-element_type=\"widget\" data-widget_type=\"heading.default\">\n\t\t\t\t<div class=\"elementor-widget-container\">\n\t\t\t<h2 class=\"elementor-heading-title elementor-size-default\">Valon rakenne<\/h2>\t\t<\/div>\n\t\t\t\t<\/div>\n\t\t\t\t<div class=\"elementor-element elementor-element-c15234b elementor-widget elementor-widget-text-editor\" data-id=\"c15234b\" data-element_type=\"widget\" data-widget_type=\"text-editor.default\">\n\t\t\t\t<div class=\"elementor-widget-container\">\n\t\t\t\t\t\t\t<p>-&gt; Selausn\u00e4kym\u00e4st\u00e4 p\u00e4\u00e4set selaamaan Valon k\u00e4ytt\u00e4ji\u00e4 (Ensimm\u00e4inen ikoni vasemmalta).<\/p><p>-&gt; Tykk\u00e4\u00e4j\u00e4t-v\u00e4lilehdelt\u00e4 n\u00e4et ketk\u00e4 ovat jo tyk\u00e4nneet profiilistasi ja saat osuman heid\u00e4n kanssaan halutessasi heti klikkaamalla profiilin auki ja pyyhk\u00e4isem\u00e4ll\u00e4 oikealle tai painamalla syd\u00e4nt\u00e4. Saat n\u00e4m\u00e4 n\u00e4kyviin heti ottamalla Valo Plus palvelun.<\/p><p>-&gt; Osumat-v\u00e4lilehdelt\u00e4 (toinen oikealta) n\u00e4et omat osumasi, saamasi Valo Star-tykk\u00e4ykset sek\u00e4 keskustelusi.<\/p><p>-&gt; Profiili-v\u00e4lilehdelt\u00e4 (ensimm\u00e4inen oikealta) p\u00e4\u00e4set muokkaamaan kuviasi, profiilisi tietoja sek\u00e4 haku-asetuksia.<\/p>\t\t\t\t\t\t<\/div>\n\t\t\t\t<\/div>\n\t\t\t\t\t<\/div>\n\t\t<\/div>\n\t\t\t\t\t\t\t<\/div>\n\t\t<\/section>\n\t\t\t\t\t<\/div>\n\t\t<\/div>\n\t\t\t\t\t\t\t<\/div>\n\t\t<\/section>\n\t\t\t\t<section class=\"elementor-section elementor-top-section elementor-element elementor-element-35cb66c elementor-section-boxed elementor-section-height-default elementor-section-height-default\" data-id=\"35cb66c\" data-element_type=\"section\">\n\t\t\t\t\t\t<div class=\"elementor-container elementor-column-gap-default\">\n\t\t\t\t\t<div class=\"elementor-column elementor-col-100 elementor-top-column elementor-element elementor-element-48c17c1\" data-id=\"48c17c1\" data-element_type=\"column\">\n\t\t\t<div class=\"elementor-widget-wrap elementor-element-populated\">\n\t\t\t\t\t\t\t\t<section class=\"elementor-section elementor-inner-section elementor-element elementor-element-9bac6dc elementor-section-boxed elementor-section-height-default elementor-section-height-default\" data-id=\"9bac6dc\" data-element_type=\"section\">\n\t\t\t\t\t\t<div class=\"elementor-container elementor-column-gap-default\">\n\t\t\t\t\t<div class=\"elementor-column elementor-col-100 elementor-inner-column elementor-element elementor-element-ffc7c65\" data-id=\"ffc7c65\" data-element_type=\"column\">\n\t\t\t<div class=\"elementor-widget-wrap elementor-element-populated\">\n\t\t\t\t\t\t\t\t<div class=\"elementor-element elementor-element-c332b14 elementor-widget elementor-widget-heading\" data-id=\"c332b14\" data-element_type=\"widget\" data-widget_type=\"heading.default\">\n\t\t\t\t<div class=\"elementor-widget-container\">\n\t\t\t<h2 class=\"elementor-heading-title elementor-size-default\">Selausn\u00e4kym\u00e4n painikkeet<\/h2>\t\t<\/div>\n\t\t\t\t<\/div>\n\t\t\t\t<div class=\"elementor-element elementor-element-556ffed elementor-widget elementor-widget-text-editor\" data-id=\"556ffed\" data-element_type=\"widget\" data-widget_type=\"text-editor.default\">\n\t\t\t\t<div class=\"elementor-widget-container\">\n\t\t\t\t\t\t\t<p>-&gt; Yksitt\u00e4inen syd\u00e4n (toinen oikealta) tarkoittaa ett\u00e4 tykk\u00e4\u00e4t k\u00e4ytt\u00e4j\u00e4\u00e4 ja olet kiinnostunut aloittamaan keskustelun h\u00e4nen kanssaan. Saman toiminnon voit tehd\u00e4 my\u00f6s pyyhk\u00e4isem\u00e4ll\u00e4 kortin oikealle.<\/p>\n<p>-&gt; Rasti (toinen vasemmalta) tarkoittaa &#8216;ohita k\u00e4ytt\u00e4j\u00e4&#8217;. Saman toiminnon voit tehd\u00e4 my\u00f6s pyyhk\u00e4isem\u00e4ll\u00e4 kortin vasemmalle. <b>Huomatkaa ett\u00e4 t\u00e4m\u00e4 toiminto ei ole &#8220;ei tykk\u00e4\u00e4&#8221; vaan &#8220;ohita&#8221;, jonka avulla selaat eteenp\u00e4in omaa hakuasetustesi mukaisia profiileja. K\u00e4ytt\u00e4j\u00e4t, joita et ole ennen kohdannut Valossa ovat aina p\u00e4\u00e4llimm\u00e4isen\u00e4 selausn\u00e4kym\u00e4ss\u00e4.<\/b><\/p>\n<p>-&gt; Kolme violettia syd\u00e4nt\u00e4 (profiilikortin oikeassa alakulmassa) tarkoittaa &#8216;Valo Star&#8217;-tykk\u00e4yst\u00e4. K\u00e4yt\u00e4 t\u00e4t\u00e4 kun tykk\u00e4\u00e4t tietyst\u00e4 k\u00e4ytt\u00e4j\u00e4st\u00e4 erityisen paljon ja haluat varmistaa ett\u00e4 h\u00e4n n\u00e4kee tykk\u00e4yksesi! <strong>Numero t\u00e4m\u00e4n painikkeen yhteydess\u00e4 n\u00e4ytt\u00e4\u00e4 kuinka monta Valo Star-tykk\u00e4yst\u00e4 sinulla on k\u00e4ytett\u00e4viss\u00e4 kuluvan vuorokauden aikana. Valo Star-tykk\u00e4yksi\u00e4 on k\u00e4yt\u00f6ss\u00e4 rajallinen m\u00e4\u00e4r\u00e4.<\/strong><\/p>\n<p>-&gt; Vihre\u00e4 kirjanmerkki-painike (keskimm\u00e4inen painike): &#8216;Palaan t\u00e4h\u00e4n my\u00f6hemmin&#8217;-valinta. Mik\u00e4li et osaa k\u00e4ytt\u00e4j\u00e4n kohdalla p\u00e4\u00e4tt\u00e4\u00e4, voit valita nyt my\u00f6s &#8216;Ehk\u00e4&#8217; ja halutessasi palata t\u00e4h\u00e4n profiiliin my\u00f6hemmin.<\/p>\n<p>-&gt; Oranssi-painike (ensimm\u00e4inen vasemmalta): Pyyhk\u00e4isitk\u00f6 vasemmalle vahingossa? Voit kumota tehdyn toiminnon jos esim. ohitit profilin vahingossa, tykk\u00e4sit tai tykk\u00e4sit Valo Star-tykk\u00e4yksell\u00e4.<\/p>\n<p>-&gt; Sininen-painike ( Ensimm\u00e4inen oikealta): Haluatko profiilillesi enemm\u00e4n n\u00e4kyvyytt\u00e4 jolloin voit saada enemm\u00e4n tykk\u00e4yksi\u00e4! T\u00e4m\u00e4 on niin kutsuttu &#8216;Valo Highlight&#8217;-toiminto ja tarkoittaa ett\u00e4 se aktivoituna profiilisi saa enemm\u00e4n n\u00e4kyvyytt\u00e4 palvelussa ja sit\u00e4 my\u00f6t\u00e4 voit saada my\u00f6s enemm\u00e4n tykk\u00e4yksi\u00e4.<\/p>\n<p>Valo Highlight, Ehk\u00e4-valinta, Valo Star-tykk\u00e4ys ja kumoa-toiminto ovat kaikki Valo Plus-palvelun ominaisuuksia. Lis\u00e4ksi Plus-k\u00e4ytt\u00e4jill\u00e4 on rajattomat pyyhk\u00e4isyt ja tykk\u00e4ykset ilman mainoksia.<\/p>\t\t\t\t\t\t<\/div>\n\t\t\t\t<\/div>\n\t\t\t\t\t<\/div>\n\t\t<\/div>\n\t\t\t\t\t\t\t<\/div>\n\t\t<\/section>\n\t\t\t\t\t<\/div>\n\t\t<\/div>\n\t\t\t\t\t\t\t<\/div>\n\t\t<\/section>\n\t\t\t\t<section class=\"elementor-section elementor-top-section elementor-element elementor-element-9947533 elementor-section-boxed elementor-section-height-default elementor-section-height-default\" data-id=\"9947533\" data-element_type=\"section\">\n\t\t\t\t\t\t<div class=\"elementor-container elementor-column-gap-default\">\n\t\t\t\t\t<div class=\"elementor-column elementor-col-100 elementor-top-column elementor-element elementor-element-94a3d8b\" data-id=\"94a3d8b\" data-element_type=\"column\">\n\t\t\t<div class=\"elementor-widget-wrap elementor-element-populated\">\n\t\t\t\t\t\t\t\t<section class=\"elementor-section elementor-inner-section elementor-element elementor-element-b496797 elementor-section-boxed elementor-section-height-default elementor-section-height-default\" data-id=\"b496797\" data-element_type=\"section\">\n\t\t\t\t\t\t<div class=\"elementor-container elementor-column-gap-default\">\n\t\t\t\t\t<div class=\"elementor-column elementor-col-100 elementor-inner-column elementor-element elementor-element-4bf466d\" data-id=\"4bf466d\" data-element_type=\"column\">\n\t\t\t<div class=\"elementor-widget-wrap elementor-element-populated\">\n\t\t\t\t\t\t\t\t<div class=\"elementor-element elementor-element-c7f68e7 elementor-widget elementor-widget-heading\" data-id=\"c7f68e7\" data-element_type=\"widget\" data-widget_type=\"heading.default\">\n\t\t\t\t<div class=\"elementor-widget-container\">\n\t\t\t<h2 class=\"elementor-heading-title elementor-size-default\">Tilin tiedot & Asetukset<\/h2>\t\t<\/div>\n\t\t\t\t<\/div>\n\t\t\t\t<div class=\"elementor-element elementor-element-4b7e638 elementor-widget elementor-widget-text-editor\" data-id=\"4b7e638\" data-element_type=\"widget\" data-widget_type=\"text-editor.default\">\n\t\t\t\t<div class=\"elementor-widget-container\">\n\t\t\t\t\t\t\t<p><strong>Tilin tiedot<\/strong><\/p><p>Tilin tiedot-osiosta p\u00e4\u00e4set muokkaamaan oman profiilisi tietoja. Huomaa ett\u00e4 syntym\u00e4aika on sinun henkil\u00f6kohtainen tietosi ja muut k\u00e4ytt\u00e4j\u00e4t n\u00e4kev\u00e4t vain ik\u00e4si.<\/p><p><strong>Asetukset<\/strong><\/p><p>Asetukset-osiosta p\u00e4\u00e4set muokkaamaan haku-asetuksia. M\u00e4\u00e4rit\u00e4 ik\u00e4valinta, jos haluat ett\u00e4 Valo hakee sinulle vain tiettyyn ik\u00e4haarukkaan osuvat profiilit.<\/p><p>Mik\u00e4li haluat etsi\u00e4 vain l\u00e4hist\u00f6ll\u00e4 olevia k\u00e4ytt\u00e4ji\u00e4, valitse &#8216;N\u00e4yt\u00e4 vain l\u00e4hist\u00f6ll\u00e4 olevat&#8217; ja m\u00e4\u00e4rit\u00e4 et\u00e4isyys. Valo-sovellus n\u00e4ytt\u00e4\u00e4 sinulle ensisijaisesti kaikki oman hakuet\u00e4isyytesi k\u00e4ytt\u00e4j\u00e4t. Rakkaus voi kuitenkin l\u00f6yty\u00e4 kulman takaa! Kun k\u00e4ytt\u00e4j\u00e4t omalla hakuet\u00e4isyydell\u00e4 on juuri t\u00e4ll\u00e4 hetkell\u00e4 jo k\u00e4yty l\u00e4pi, Valo laajentaa tuota hakuet\u00e4isyytt\u00e4 asteittain.<\/p><p>Halutessasi voit my\u00f6s valita hakusijainnin nykyisen sijaintisi sijasta ( T\u00e4m\u00e4n saat k\u00e4ytt\u00f6\u00f6si tilaamalla Valo Plus-palvelun).<\/p><p>Mik\u00e4li haluat ottaa v\u00e4lill\u00e4 profiilisi n\u00e4kyvist\u00e4 Valo-palvelun selausn\u00e4kym\u00e4st\u00e4, poista valinta &#8216;N\u00e4yt\u00e4 minut palvelussa&#8217;.<\/p><p><strong>Tilaukset<\/strong><\/p><p>Valon tilaukset ovat Google Play- tai Apple App Store-sovelluskaupan hallinnoimia. N\u00e4in ollen tilauksen muokkaaminen tapahtuu my\u00f6s suoraan sovelluskauppojen kautta.<\/p><p class=\"\" style=\"white-space: pre-wrap;\" data-pm-slice=\"1 3 []\">Voit peruuttaa tilauksesi joko Google Play:n tai Apple App Storen kautta. Alla ohjeistusta.<\/p><p class=\"\" style=\"white-space: pre-wrap;\">Google:<\/p><ul data-rte-list=\"default\"><li><p class=\"\" style=\"white-space: pre-wrap;\">Avaa Google Play<\/p><\/li><li><p class=\"\" style=\"white-space: pre-wrap;\">Asetukset (oikean yl\u00e4laidan py\u00f6re\u00e4 profiili-ikoni-painike)<\/p><\/li><li><p class=\"\" style=\"white-space: pre-wrap;\">Maksut ja tilaukset\u00a0<\/p><\/li><li><p class=\"\" style=\"white-space: pre-wrap;\">Tilaukset<\/p><\/li><li><p class=\"\" style=\"white-space: pre-wrap;\">Valitse Valon tilaus ja klikkaa peruuta<\/p><\/li><\/ul><p class=\"\" style=\"white-space: pre-wrap;\">Apple:<\/p><ul data-rte-list=\"default\"><li><p class=\"\" style=\"white-space: pre-wrap;\">Avaa Asetukset<\/p><\/li><li><p class=\"\" style=\"white-space: pre-wrap;\">Avaa Apple ID:si asetukset<\/p><\/li><li><p class=\"\" style=\"white-space: pre-wrap;\">Avaa kohta Tilaukset<\/p><\/li><li><p class=\"\" style=\"white-space: pre-wrap;\">Valitse valon tilaus ja klikkaa peruuta<\/p><\/li><\/ul>\t\t\t\t\t\t<\/div>\n\t\t\t\t<\/div>\n\t\t\t\t\t<\/div>\n\t\t<\/div>\n\t\t\t\t\t\t\t<\/div>\n\t\t<\/section>\n\t\t\t\t\t<\/div>\n\t\t<\/div>\n\t\t\t\t\t\t\t<\/div>\n\t\t<\/section>\n\t\t\t\t<section class=\"elementor-section elementor-top-section elementor-element elementor-element-9c3a0e5 elementor-section-boxed elementor-section-height-default elementor-section-height-default\" data-id=\"9c3a0e5\" data-element_type=\"section\">\n\t\t\t\t\t\t<div class=\"elementor-container elementor-column-gap-default\">\n\t\t\t\t\t<div class=\"elementor-column elementor-col-100 elementor-top-column elementor-element elementor-element-1923454\" data-id=\"1923454\" data-element_type=\"column\">\n\t\t\t<div class=\"elementor-widget-wrap elementor-element-populated\">\n\t\t\t\t\t\t\t\t<section class=\"elementor-section elementor-inner-section elementor-element elementor-element-97eb722 elementor-section-boxed elementor-section-height-default elementor-section-height-default\" data-id=\"97eb722\" data-element_type=\"section\">\n\t\t\t\t\t\t<div class=\"elementor-container elementor-column-gap-default\">\n\t\t\t\t\t<div class=\"elementor-column elementor-col-100 elementor-inner-column elementor-element elementor-element-7c961de\" data-id=\"7c961de\" data-element_type=\"column\">\n\t\t\t<div class=\"elementor-widget-wrap elementor-element-populated\">\n\t\t\t\t\t\t\t\t<div class=\"elementor-element elementor-element-2394179 elementor-widget elementor-widget-heading\" data-id=\"2394179\" data-element_type=\"widget\" data-widget_type=\"heading.default\">\n\t\t\t\t<div class=\"elementor-widget-container\">\n\t\t\t<h2 class=\"elementor-heading-title elementor-size-default\">Ohjeita hyv\u00e4n profiilin luomiseen<\/h2>\t\t<\/div>\n\t\t\t\t<\/div>\n\t\t\t\t<div class=\"elementor-element elementor-element-56a2381 elementor-widget elementor-widget-text-editor\" data-id=\"56a2381\" data-element_type=\"widget\" data-widget_type=\"text-editor.default\">\n\t\t\t\t<div class=\"elementor-widget-container\">\n\t\t\t\t\t\t\t<p><strong>Profiilin muokkaaminen<\/strong><\/p><p>Oman profiilin tietoja muokataan \u201cTilin tiedot\u201d-v\u00e4lilehdelt\u00e4 ja kuvia \u201cProfiili\u201d-v\u00e4lilehden \u201cOmat kuvat\u201d-osiosta.<\/p><p><strong>Profiilin esikatselu<\/strong><\/p><p>On t\u00e4rke\u00e4\u00e4 ymm\u00e4rt\u00e4\u00e4 milt\u00e4 oma profiili n\u00e4ytt\u00e4\u00e4 kuvineen ja tietoineen. P\u00e4\u00e4set esikatselemaan omaa profiiliasi \u201cProfiili\u201d-v\u00e4lilehden \u201cEsikatsele profiilia\u201d-painikkeesta. Esikatselusta n\u00e4et milt\u00e4 oma profiili n\u00e4ytt\u00e4\u00e4 selausn\u00e4kym\u00e4n kortissa sek\u00e4 profiili-sivulla.<\/p><p><strong>Ota itsest\u00e4si hyv\u00e4 kuva!<\/strong><\/p><p>Jos haluat todella l\u00f6yt\u00e4\u00e4 itsellesi hyv\u00e4n parisuhteen, olet todellakin ansainnut sen ett\u00e4 sinun kuvasi ovat parhaita versioita sinusta! Ja sill\u00e4 emme tarkoita ett\u00e4 sinun tarvitsisi tai kuuluisi muokata kuvia jollain ohjelmalla tai asentaa filttereit\u00e4 tai muutakaan keinotekoista!<\/p><p>Ihmisen kuva on kuitenkin se joka pys\u00e4ytt\u00e4\u00e4 ensimm\u00e4isen\u00e4. Pid\u00e4 silloin huoli siit\u00e4 ett\u00e4 kuvasi ovat mahdollisimman hyv\u00e4laatuisia. Voit ottaa ne joko kameralla tai k\u00e4nnyk\u00e4ll\u00e4. puhelimien laatu kyll\u00e4 riitt\u00e4\u00e4 todella hyvin, etk\u00e4 silloin tarvitse v\u00e4ltt\u00e4m\u00e4tt\u00e4 mit\u00e4\u00e4n muuta. Opettele kuitenkin k\u00e4ytt\u00e4m\u00e4\u00e4n puhelimesi kameraa, niin saat siit\u00e4 kaiken irti. Jos itse et halua niin yst\u00e4v\u00e4piirist\u00e4si varmasti l\u00f6ytyy joku joka voi kuvan ottaa tai neuvoo sinua sen k\u00e4yt\u00f6ss\u00e4. Varmista siis ett\u00e4 kuva ei ole ainakaan t\u00e4r\u00e4ht\u00e4nyt ja kohde, eli sin\u00e4, n\u00e4kyy selke\u00e4sti!<\/p><p>Jo yksi hyv\u00e4 kuva riitt\u00e4\u00e4, jolla voit aloittaa. Sen saat otettua pienell\u00e4kin vaivalla ja voit lis\u00e4t\u00e4 muita my\u00f6hemmin lis\u00e4\u00e4. Esineiden ja el\u00e4imien kuvia yksist\u00e4\u00e4n sek\u00e4 pelkki\u00e4 maisemakuvia kannattaa v\u00e4ltt\u00e4\u00e4 tai ainakin k\u00e4ytt\u00e4\u00e4 lis\u00e4mausteena jos ne kuvaavat sinua tai sielunmaisemaasi jotenkin erityisesti. Niiss\u00e4kin k\u00e4yt\u00e4 mieluiten itse ottamiasia kuvia eik\u00e4 netist\u00e4 otettuja, n\u00e4in niist\u00e4 v\u00e4littyy paremmin sin\u00e4.<\/p><p>Ei ole v\u00e4\u00e4rin n\u00e4ytt\u00e4\u00e4 kuvissa mahdollisimman edustavalta. T\u00e4t\u00e4 on hieman vaikeaa selitt\u00e4\u00e4 kun ensimm\u00e4isen\u00e4 ajatuksiin helposti laukkaa ett\u00e4 pit\u00e4isi olla suoraan kuin kauneuskilpailuista tai vastaavaa, mutta siit\u00e4 ei todellakaan ole kysymys. Jokaisen meist\u00e4 pystyy esittelem\u00e4\u00e4n mahdollisimman hyvin. Kaikilla se tarkoittaa hieman eri asiaa tai asioita. Yleens\u00e4 kasvokuvalla on helppo aloittaa. Kasvokuvassa on hyv\u00e4 kiinnitt\u00e4\u00e4 huomio silmiin, hyv\u00e4 kasvokuva on yleens\u00e4 sellainen jossa \u201dsilm\u00e4t nauravat\u201d, muutenkin hymy toimii yleens\u00e4 aina ja kutsuu luokseen. V\u00e4kisin ei tietystikk\u00e4\u00e4n tarvitse hymyill\u00e4, mutta ehk\u00e4 ajatukset jostain mukavasta, kuten tulevasta parisuhteesta, saavat hymyilem\u00e4\u00e4n!<\/p><p><strong>Vinkki: Nelj\u00e4ll\u00e4 kuvalla p\u00e4\u00e4set alkuun<\/strong><\/p><p>Tuntuuko hankalalta p\u00e4\u00e4st\u00e4 alkuun kuvien kanssa? Esittelemme t\u00e4ss\u00e4 yhden vaihtoehdon, jolla p\u00e4\u00e4set hyvin alkuun!<\/p><p>1. Aloita kasvokuvalla, jossa katsot kameraan ja hymyilet! Hymy luo l\u00e4mp\u00f6\u00e4 ja l\u00e4mp\u00f6 on kutsuvaa.<\/p><p>2. Kuva, jossa olet harrastuksesi tai muun mielenkiintosi parissa<\/p><p>3. Joku sosiaalinen tilanne, jossa olet muutaman ihmisen joukossa. H\u00e4\u00e4t ym. juhlat, p\u00e4iv\u00e4llinen yst\u00e4vien kanssa, ty\u00f6porukan kesken ym. Kuitenkin niin ett\u00e4 sinut selke\u00e4sti tunnistaa kuvasta!<\/p><p>4. Ns. kokovartalokuva jossa n\u00e4yt kokonaan<\/p><p><strong>Kuvaus-kentt\u00e4 &#8211; Aloita vaikka lyhyemm\u00e4ll\u00e4 tekstill\u00e4<\/strong><\/p><p>Asetuksista l\u00f6yd\u00e4t kohdan Kuvausteksti. T\u00e4m\u00e4 kentt\u00e4 on yksi t\u00e4rkeimmist\u00e4 sis\u00e4lt\u00f6kentist\u00e4, jossa p\u00e4\u00e4set kertomaan itsest\u00e4si lyhyesti omin sanoin.<\/p><p>Aloita vaikka kirjoittamalla yksi lause. T\u00e4ll\u00e4 osoitat jo olevasi oikea ihminen! Ja todellakin olet ja haluat etsi\u00e4 parisuhdetta.<\/p><p>T\u00e4m\u00e4n kuvaustekstin tarkoituksena on her\u00e4tt\u00e4\u00e4 mielenkiinto aloittaa keskustelu kanssasi. Huomaa ett\u00e4 Valossa on kohta, jossa voit valita mielenkiinnonkohteita ja harrastuksia sek\u00e4 uskonasioista kertovia aihesanoja. Kuvaustekstiss\u00e4 voit syvent\u00e4\u00e4 n\u00e4iden merkityst\u00e4 sinulle tai kuvata sinun nykyisyytt\u00e4 tai tulevaisuuden haaveita ja suunnitelmia.<\/p>\t\t\t\t\t\t<\/div>\n\t\t\t\t<\/div>\n\t\t\t\t\t<\/div>\n\t\t<\/div>\n\t\t\t\t\t\t\t<\/div>\n\t\t<\/section>\n\t\t\t\t\t<\/div>\n\t\t<\/div>\n\t\t\t\t\t\t\t<\/div>\n\t\t<\/section>\n\t\t\t\t\t\t\t<\/div>\n\t\t","protected":false},"excerpt":{"rendered":"<p>Valon k\u00e4ytt\u00f6ohjeet Valo-sovellus perustuu osumiin, jotka syntyv\u00e4t kun kaksi k\u00e4ytt\u00e4j\u00e4\u00e4 tykk\u00e4\u00e4v\u00e4t toisistaan. [&hellip;]<\/p>\n","protected":false},"author":1,"featured_media":0,"parent":0,"menu_order":0,"comment_status":"closed","ping_status":"closed","template":"elementor_header_footer","meta":{"footnotes":""},"_links":{"self":[{"href":"https:\/\/valoapp.io\/fi\/wp-json\/wp\/v2\/pages\/963"}],"collection":[{"href":"https:\/\/valoapp.io\/fi\/wp-json\/wp\/v2\/pages"}],"about":[{"href":"https:\/\/valoapp.io\/fi\/wp-json\/wp\/v2\/types\/page"}],"author":[{"embeddable":true,"href":"https:\/\/valoapp.io\/fi\/wp-json\/wp\/v2\/users\/1"}],"replies":[{"embeddable":true,"href":"https:\/\/valoapp.io\/fi\/wp-json\/wp\/v2\/comments?post=963"}],"version-history":[{"count":25,"href":"https:\/\/valoapp.io\/fi\/wp-json\/wp\/v2\/pages\/963\/revisions"}],"predecessor-version":[{"id":1488,"href":"https:\/\/valoapp.io\/fi\/wp-json\/wp\/v2\/pages\/963\/revisions\/1488"}],"wp:attachment":[{"href":"https:\/\/valoapp.io\/fi\/wp-json\/wp\/v2\/media?parent=963"}],"curies":[{"name":"wp","href":"https:\/\/api.w.org\/{rel}","templated":true}]}}