{"id":799,"date":"2022-06-29T14:54:12","date_gmt":"2022-06-29T14:54:12","guid":{"rendered":"http:\/\/valoapp1.de14.fcomet.com\/?page_id=799"},"modified":"2026-03-25T11:39:42","modified_gmt":"2026-03-25T11:39:42","slug":"app","status":"publish","type":"page","link":"https:\/\/valoapp.io\/no\/app\/","title":{"rendered":"Our Service"},"content":{"rendered":"\t\t<div data-elementor-type=\"wp-page\" data-elementor-id=\"799\" class=\"elementor elementor-799\">\n\t\t\t\t\t\t\t\t\t<section class=\"elementor-section elementor-top-section elementor-element elementor-element-5d526b9 elementor-section-boxed elementor-section-height-default elementor-section-height-default\" data-id=\"5d526b9\" data-element_type=\"section\">\n\t\t\t\t\t\t<div class=\"elementor-container elementor-column-gap-default\">\n\t\t\t\t\t<div class=\"elementor-column elementor-col-100 elementor-top-column elementor-element elementor-element-19f1907\" data-id=\"19f1907\" data-element_type=\"column\">\n\t\t\t<div class=\"elementor-widget-wrap elementor-element-populated\">\n\t\t\t\t\t\t\t\t<section class=\"elementor-section elementor-inner-section elementor-element elementor-element-6419484 elementor-section-boxed elementor-section-height-default elementor-section-height-default\" data-id=\"6419484\" data-element_type=\"section\">\n\t\t\t\t\t\t<div class=\"elementor-container elementor-column-gap-default\">\n\t\t\t\t\t<div class=\"elementor-column elementor-col-100 elementor-inner-column elementor-element elementor-element-91a02dd\" data-id=\"91a02dd\" data-element_type=\"column\">\n\t\t\t<div class=\"elementor-widget-wrap elementor-element-populated\">\n\t\t\t\t\t\t\t\t<div class=\"elementor-element elementor-element-67b109c elementor-widget elementor-widget-heading\" data-id=\"67b109c\" data-element_type=\"widget\" data-widget_type=\"heading.default\">\n\t\t\t\t<div class=\"elementor-widget-container\">\n\t\t\t<style>\/*! elementor - v3.6.8 - 27-07-2022 *\/\n.elementor-heading-title{padding:0;margin:0;line-height:1}.elementor-widget-heading .elementor-heading-title[class*=elementor-size-]>a{color:inherit;font-size:inherit;line-height:inherit}.elementor-widget-heading .elementor-heading-title.elementor-size-small{font-size:15px}.elementor-widget-heading .elementor-heading-title.elementor-size-medium{font-size:19px}.elementor-widget-heading .elementor-heading-title.elementor-size-large{font-size:29px}.elementor-widget-heading .elementor-heading-title.elementor-size-xl{font-size:39px}.elementor-widget-heading .elementor-heading-title.elementor-size-xxl{font-size:59px}<\/style><h2 class=\"elementor-heading-title elementor-size-default\">Valo<\/h2>\t\t<\/div>\n\t\t\t\t<\/div>\n\t\t\t\t<div class=\"elementor-element elementor-element-e652716 elementor-widget elementor-widget-spacer\" data-id=\"e652716\" data-element_type=\"widget\" data-widget_type=\"spacer.default\">\n\t\t\t\t<div class=\"elementor-widget-container\">\n\t\t\t<style>\/*! elementor - v3.6.8 - 27-07-2022 *\/\n.e-container.e-container--row .elementor-spacer-inner{width:var(--spacer-size)}.e-container.e-container--column .elementor-spacer-inner,.elementor-column .elementor-spacer-inner{height:var(--spacer-size)}<\/style>\t\t<div class=\"elementor-spacer\">\n\t\t\t<div class=\"elementor-spacer-inner\"><\/div>\n\t\t<\/div>\n\t\t\t\t<\/div>\n\t\t\t\t<\/div>\n\t\t\t\t<div class=\"elementor-element elementor-element-9663912 elementor-widget elementor-widget-image\" data-id=\"9663912\" data-element_type=\"widget\" data-widget_type=\"image.default\">\n\t\t\t\t<div class=\"elementor-widget-container\">\n\t\t\t<style>\/*! elementor - v3.6.8 - 27-07-2022 *\/\n.elementor-widget-image{text-align:center}.elementor-widget-image a{display:inline-block}.elementor-widget-image a img[src$=\".svg\"]{width:48px}.elementor-widget-image img{vertical-align:middle;display:inline-block}<\/style>\t\t\t\t\t\t\t\t\t\t\t\t<img loading=\"lazy\" decoding=\"async\" width=\"768\" height=\"1366\" src=\"https:\/\/valoapp.io\/no\/wp-content\/uploads\/sites\/10\/2022\/06\/website-screenshot-1-768x1366.jpeg\" class=\"attachment-medium_large size-medium_large\" alt=\"\" srcset=\"https:\/\/valoapp.io\/no\/wp-content\/uploads\/sites\/10\/2022\/06\/website-screenshot-1-768x1366.jpeg 768w, https:\/\/valoapp.io\/no\/wp-content\/uploads\/sites\/10\/2022\/06\/website-screenshot-1-169x300.jpeg 169w, https:\/\/valoapp.io\/no\/wp-content\/uploads\/sites\/10\/2022\/06\/website-screenshot-1-576x1024.jpeg 576w, https:\/\/valoapp.io\/no\/wp-content\/uploads\/sites\/10\/2022\/06\/website-screenshot-1-863x1536.jpeg 863w, https:\/\/valoapp.io\/no\/wp-content\/uploads\/sites\/10\/2022\/06\/website-screenshot-1-920x1637.jpeg 920w, https:\/\/valoapp.io\/no\/wp-content\/uploads\/sites\/10\/2022\/06\/website-screenshot-1-230x409.jpeg 230w, https:\/\/valoapp.io\/no\/wp-content\/uploads\/sites\/10\/2022\/06\/website-screenshot-1-350x623.jpeg 350w, https:\/\/valoapp.io\/no\/wp-content\/uploads\/sites\/10\/2022\/06\/website-screenshot-1-480x854.jpeg 480w, https:\/\/valoapp.io\/no\/wp-content\/uploads\/sites\/10\/2022\/06\/website-screenshot-1.jpeg 1040w\" sizes=\"(max-width: 768px) 100vw, 768px\" \/>\t\t\t\t\t\t\t\t\t\t\t\t\t\t\t<\/div>\n\t\t\t\t<\/div>\n\t\t\t\t\t<\/div>\n\t\t<\/div>\n\t\t\t\t\t\t\t<\/div>\n\t\t<\/section>\n\t\t\t\t\t<\/div>\n\t\t<\/div>\n\t\t\t\t\t\t\t<\/div>\n\t\t<\/section>\n\t\t\t\t<section class=\"elementor-section elementor-top-section elementor-element elementor-element-1a35639 elementor-section-boxed elementor-section-height-default elementor-section-height-default\" data-id=\"1a35639\" data-element_type=\"section\">\n\t\t\t\t\t\t<div class=\"elementor-container elementor-column-gap-default\">\n\t\t\t\t\t<div class=\"elementor-column elementor-col-33 elementor-top-column elementor-element elementor-element-7a14f34\" data-id=\"7a14f34\" data-element_type=\"column\">\n\t\t\t<div class=\"elementor-widget-wrap\">\n\t\t\t\t\t\t\t\t\t<\/div>\n\t\t<\/div>\n\t\t\t\t<div class=\"elementor-column elementor-col-33 elementor-top-column elementor-element elementor-element-318deee\" data-id=\"318deee\" data-element_type=\"column\">\n\t\t\t<div class=\"elementor-widget-wrap elementor-element-populated\">\n\t\t\t\t\t\t\t\t<div class=\"elementor-element elementor-element-a91a2b0 elementor-widget elementor-widget-heading\" data-id=\"a91a2b0\" data-element_type=\"widget\" data-widget_type=\"heading.default\">\n\t\t\t\t<div class=\"elementor-widget-container\">\n\t\t\t<h3 class=\"elementor-heading-title elementor-size-default\">Valo er en moderne dating-app som er enkel \u00e5 bruke!<\/h3>\t\t<\/div>\n\t\t\t\t<\/div>\n\t\t\t\t<div class=\"elementor-element elementor-element-8e6950b elementor-widget elementor-widget-spacer\" data-id=\"8e6950b\" data-element_type=\"widget\" data-widget_type=\"spacer.default\">\n\t\t\t\t<div class=\"elementor-widget-container\">\n\t\t\t\t\t<div class=\"elementor-spacer\">\n\t\t\t<div class=\"elementor-spacer-inner\"><\/div>\n\t\t<\/div>\n\t\t\t\t<\/div>\n\t\t\t\t<\/div>\n\t\t\t\t<div class=\"elementor-element elementor-element-13c1447 elementor-widget elementor-widget-heading\" data-id=\"13c1447\" data-element_type=\"widget\" data-widget_type=\"heading.default\">\n\t\t\t\t<div class=\"elementor-widget-container\">\n\t\t\t<h3 class=\"elementor-heading-title elementor-size-default\">Det ultimate m\u00e5let med appen er \u00e5 koble sammen brukere med de samme verdiene. Vi tar det \u00e5 finne en livspartner p\u00e5 alvor!<\/h3>\t\t<\/div>\n\t\t\t\t<\/div>\n\t\t\t\t\t<\/div>\n\t\t<\/div>\n\t\t\t\t<div class=\"elementor-column elementor-col-33 elementor-top-column elementor-element elementor-element-0f6f20e\" data-id=\"0f6f20e\" data-element_type=\"column\">\n\t\t\t<div class=\"elementor-widget-wrap\">\n\t\t\t\t\t\t\t\t\t<\/div>\n\t\t<\/div>\n\t\t\t\t\t\t\t<\/div>\n\t\t<\/section>\n\t\t\t\t<section class=\"elementor-section elementor-top-section elementor-element elementor-element-d980cd5 elementor-section-full_width elementor-section-stretched elementor-section-height-default elementor-section-height-default\" data-id=\"d980cd5\" data-element_type=\"section\" data-settings=\"{&quot;stretch_section&quot;:&quot;section-stretched&quot;,&quot;background_background&quot;:&quot;classic&quot;}\">\n\t\t\t\t\t\t<div class=\"elementor-container elementor-column-gap-default\">\n\t\t\t\t\t<div class=\"elementor-column elementor-col-100 elementor-top-column elementor-element elementor-element-bc39b40\" data-id=\"bc39b40\" data-element_type=\"column\">\n\t\t\t<div class=\"elementor-widget-wrap elementor-element-populated\">\n\t\t\t\t\t\t\t\t<section class=\"elementor-section elementor-inner-section elementor-element elementor-element-370e98a elementor-section-boxed elementor-section-height-default elementor-section-height-default\" data-id=\"370e98a\" data-element_type=\"section\">\n\t\t\t\t\t\t<div class=\"elementor-container elementor-column-gap-default\">\n\t\t\t\t\t<div class=\"elementor-column elementor-col-33 elementor-inner-column elementor-element elementor-element-c4d7949\" data-id=\"c4d7949\" data-element_type=\"column\">\n\t\t\t<div class=\"elementor-widget-wrap elementor-element-populated\">\n\t\t\t\t\t\t\t\t<div class=\"elementor-element elementor-element-2a5ece0 elementor-widget elementor-widget-image\" data-id=\"2a5ece0\" data-element_type=\"widget\" data-widget_type=\"image.default\">\n\t\t\t\t<div class=\"elementor-widget-container\">\n\t\t\t\t\t\t\t\t\t\t\t\t\t\t\t<img loading=\"lazy\" decoding=\"async\" width=\"270\" height=\"300\" src=\"https:\/\/valoapp.io\/no\/wp-content\/uploads\/sites\/10\/2022\/06\/match-view-mockup-mod-e1656515195391-270x300.png\" class=\"attachment-medium size-medium\" alt=\"\" srcset=\"https:\/\/valoapp.io\/no\/wp-content\/uploads\/sites\/10\/2022\/06\/match-view-mockup-mod-e1656515195391-270x300.png 270w, https:\/\/valoapp.io\/no\/wp-content\/uploads\/sites\/10\/2022\/06\/match-view-mockup-mod-e1656515195391-230x255.png 230w, https:\/\/valoapp.io\/no\/wp-content\/uploads\/sites\/10\/2022\/06\/match-view-mockup-mod-e1656515195391-350x388.png 350w, https:\/\/valoapp.io\/no\/wp-content\/uploads\/sites\/10\/2022\/06\/match-view-mockup-mod-e1656515195391-480x533.png 480w, https:\/\/valoapp.io\/no\/wp-content\/uploads\/sites\/10\/2022\/06\/match-view-mockup-mod-e1656515195391.png 722w\" sizes=\"(max-width: 270px) 100vw, 270px\" \/>\t\t\t\t\t\t\t\t\t\t\t\t\t\t\t<\/div>\n\t\t\t\t<\/div>\n\t\t\t\t<div class=\"elementor-element elementor-element-b439ec4 elementor-widget elementor-widget-heading\" data-id=\"b439ec4\" data-element_type=\"widget\" data-widget_type=\"heading.default\">\n\t\t\t\t<div class=\"elementor-widget-container\">\n\t\t\t<h2 class=\"elementor-heading-title elementor-size-default\">Matcher<\/h2>\t\t<\/div>\n\t\t\t\t<\/div>\n\t\t\t\t<div class=\"elementor-element elementor-element-31229bb elementor-widget elementor-widget-text-editor\" data-id=\"31229bb\" data-element_type=\"widget\" data-widget_type=\"text-editor.default\">\n\t\t\t\t<div class=\"elementor-widget-container\">\n\t\t\t<style>\/*! elementor - v3.6.8 - 27-07-2022 *\/\n.elementor-widget-text-editor.elementor-drop-cap-view-stacked .elementor-drop-cap{background-color:#818a91;color:#fff}.elementor-widget-text-editor.elementor-drop-cap-view-framed .elementor-drop-cap{color:#818a91;border:3px solid;background-color:transparent}.elementor-widget-text-editor:not(.elementor-drop-cap-view-default) .elementor-drop-cap{margin-top:8px}.elementor-widget-text-editor:not(.elementor-drop-cap-view-default) .elementor-drop-cap-letter{width:1em;height:1em}.elementor-widget-text-editor .elementor-drop-cap{float:left;text-align:center;line-height:1;font-size:50px}.elementor-widget-text-editor .elementor-drop-cap-letter{display:inline-block}<\/style>\t\t\t\t<p style=\"text-align: center;\">Valo-appen er basert p\u00e5 gjensidig interesse. Valo genererer matcher basert p\u00e5 brukernes likes.<\/p>\t\t\t\t\t\t<\/div>\n\t\t\t\t<\/div>\n\t\t\t\t\t<\/div>\n\t\t<\/div>\n\t\t\t\t<div class=\"elementor-column elementor-col-33 elementor-inner-column elementor-element elementor-element-793e428\" data-id=\"793e428\" data-element_type=\"column\">\n\t\t\t<div class=\"elementor-widget-wrap elementor-element-populated\">\n\t\t\t\t\t\t\t\t<div class=\"elementor-element elementor-element-420f8a9 elementor-widget elementor-widget-image\" data-id=\"420f8a9\" data-element_type=\"widget\" data-widget_type=\"image.default\">\n\t\t\t\t<div class=\"elementor-widget-container\">\n\t\t\t\t\t\t\t\t\t\t\t\t\t\t\t<img loading=\"lazy\" decoding=\"async\" width=\"270\" height=\"300\" src=\"https:\/\/valoapp.io\/no\/wp-content\/uploads\/sites\/10\/2022\/06\/chat-view-mockup-mod-e1656515477171-270x300.png\" class=\"attachment-medium size-medium\" alt=\"\" srcset=\"https:\/\/valoapp.io\/no\/wp-content\/uploads\/sites\/10\/2022\/06\/chat-view-mockup-mod-e1656515477171-270x300.png 270w, https:\/\/valoapp.io\/no\/wp-content\/uploads\/sites\/10\/2022\/06\/chat-view-mockup-mod-e1656515477171-230x255.png 230w, https:\/\/valoapp.io\/no\/wp-content\/uploads\/sites\/10\/2022\/06\/chat-view-mockup-mod-e1656515477171-350x388.png 350w, https:\/\/valoapp.io\/no\/wp-content\/uploads\/sites\/10\/2022\/06\/chat-view-mockup-mod-e1656515477171-480x533.png 480w, https:\/\/valoapp.io\/no\/wp-content\/uploads\/sites\/10\/2022\/06\/chat-view-mockup-mod-e1656515477171.png 722w\" sizes=\"(max-width: 270px) 100vw, 270px\" \/>\t\t\t\t\t\t\t\t\t\t\t\t\t\t\t<\/div>\n\t\t\t\t<\/div>\n\t\t\t\t<div class=\"elementor-element elementor-element-4d0e512 elementor-widget elementor-widget-heading\" data-id=\"4d0e512\" data-element_type=\"widget\" data-widget_type=\"heading.default\">\n\t\t\t\t<div class=\"elementor-widget-container\">\n\t\t\t<h2 class=\"elementor-heading-title elementor-size-default\">Chat<\/h2>\t\t<\/div>\n\t\t\t\t<\/div>\n\t\t\t\t<div class=\"elementor-element elementor-element-c22ff6d elementor-widget elementor-widget-text-editor\" data-id=\"c22ff6d\" data-element_type=\"widget\" data-widget_type=\"text-editor.default\">\n\t\t\t\t<div class=\"elementor-widget-container\">\n\t\t\t\t\t\t\t<p style=\"text-align: center;\">Begynn \u00e5 bli kjent med hverandre ved \u00e5 chatte i Valo-chatten.<\/p>\t\t\t\t\t\t<\/div>\n\t\t\t\t<\/div>\n\t\t\t\t\t<\/div>\n\t\t<\/div>\n\t\t\t\t<div class=\"elementor-column elementor-col-33 elementor-inner-column elementor-element elementor-element-fb2a901\" data-id=\"fb2a901\" data-element_type=\"column\">\n\t\t\t<div class=\"elementor-widget-wrap elementor-element-populated\">\n\t\t\t\t\t\t\t\t<div class=\"elementor-element elementor-element-e8c9f0b elementor-widget elementor-widget-image\" data-id=\"e8c9f0b\" data-element_type=\"widget\" data-widget_type=\"image.default\">\n\t\t\t\t<div class=\"elementor-widget-container\">\n\t\t\t\t\t\t\t\t\t\t\t\t\t\t\t<img decoding=\"async\" src=\"https:\/\/valoapp.io\/no\/wp-content\/uploads\/sites\/10\/elementor\/thumbs\/website-screenshot-4-e1656515997768-pvpz2xf2j7cuykhqivfjku43y9zg4whjuq29x2cxxg.jpeg\" title=\"website-screenshot-4\" alt=\"website-screenshot-4\" \/>\t\t\t\t\t\t\t\t\t\t\t\t\t\t\t<\/div>\n\t\t\t\t<\/div>\n\t\t\t\t<div class=\"elementor-element elementor-element-8df0087 elementor-widget elementor-widget-heading\" data-id=\"8df0087\" data-element_type=\"widget\" data-widget_type=\"heading.default\">\n\t\t\t\t<div class=\"elementor-widget-container\">\n\t\t\t<h2 class=\"elementor-heading-title elementor-size-default\">Avtal en date<\/h2>\t\t<\/div>\n\t\t\t\t<\/div>\n\t\t\t\t<div class=\"elementor-element elementor-element-e05f332 elementor-widget elementor-widget-text-editor\" data-id=\"e05f332\" data-element_type=\"widget\" data-widget_type=\"text-editor.default\">\n\t\t\t\t<div class=\"elementor-widget-container\">\n\t\t\t\t\t\t\t<p style=\"text-align: center;\">N\u00e5r dere f\u00f8ler at dere har blitt godt nok kjent, kan dere avtale et m\u00f8te via chat-seksjonen i Valo.<\/p>\t\t\t\t\t\t<\/div>\n\t\t\t\t<\/div>\n\t\t\t\t\t<\/div>\n\t\t<\/div>\n\t\t\t\t\t\t\t<\/div>\n\t\t<\/section>\n\t\t\t\t\t<\/div>\n\t\t<\/div>\n\t\t\t\t\t\t\t<\/div>\n\t\t<\/section>\n\t\t\t\t<section class=\"elementor-section elementor-top-section elementor-element elementor-element-9715775 elementor-section-boxed elementor-section-height-default elementor-section-height-default\" data-id=\"9715775\" data-element_type=\"section\">\n\t\t\t\t\t\t<div class=\"elementor-container elementor-column-gap-default\">\n\t\t\t\t\t<div class=\"elementor-column elementor-col-100 elementor-top-column elementor-element elementor-element-915b734\" data-id=\"915b734\" data-element_type=\"column\">\n\t\t\t<div class=\"elementor-widget-wrap elementor-element-populated\">\n\t\t\t\t\t\t\t\t<section class=\"elementor-section elementor-inner-section elementor-element elementor-element-27dcde4 elementor-section-boxed elementor-section-height-default elementor-section-height-default\" data-id=\"27dcde4\" data-element_type=\"section\">\n\t\t\t\t\t\t<div class=\"elementor-container elementor-column-gap-default\">\n\t\t\t\t\t<div class=\"elementor-column elementor-col-100 elementor-inner-column elementor-element elementor-element-482ef5f\" data-id=\"482ef5f\" data-element_type=\"column\">\n\t\t\t<div class=\"elementor-widget-wrap elementor-element-populated\">\n\t\t\t\t\t\t\t\t<div class=\"elementor-element elementor-element-0ca7695 elementor-widget elementor-widget-heading\" data-id=\"0ca7695\" data-element_type=\"widget\" data-widget_type=\"heading.default\">\n\t\t\t\t<div class=\"elementor-widget-container\">\n\t\t\t<h2 class=\"elementor-heading-title elementor-size-default\">Sp\u00f8rsm\u00e5l?<\/h2>\t\t<\/div>\n\t\t\t\t<\/div>\n\t\t\t\t\t<\/div>\n\t\t<\/div>\n\t\t\t\t\t\t\t<\/div>\n\t\t<\/section>\n\t\t\t\t<div class=\"elementor-element elementor-element-4e1a505 elementor-widget elementor-widget-spacer\" data-id=\"4e1a505\" data-element_type=\"widget\" data-widget_type=\"spacer.default\">\n\t\t\t\t<div class=\"elementor-widget-container\">\n\t\t\t\t\t<div class=\"elementor-spacer\">\n\t\t\t<div class=\"elementor-spacer-inner\"><\/div>\n\t\t<\/div>\n\t\t\t\t<\/div>\n\t\t\t\t<\/div>\n\t\t\t\t<div class=\"elementor-element elementor-element-83fe9b2 elementor-widget elementor-widget-text-editor\" data-id=\"83fe9b2\" data-element_type=\"widget\" data-widget_type=\"text-editor.default\">\n\t\t\t\t<div class=\"elementor-widget-container\">\n\t\t\t\t\t\t\t<h3 class=\"elementor-heading-title elementor-size-default elementor-inline-editing pen\" style=\"text-align: center;\" contenteditable=\"true\" data-elementor-setting-key=\"title\" data-pen-placeholder=\"Type Here...\"><span style=\"color: #6ec1e4;\">Contact us!\u200b<\/span><\/h3>\t\t\t\t\t\t<\/div>\n\t\t\t\t<\/div>\n\t\t\t\t<div class=\"elementor-element elementor-element-fcdb937 elementor-widget elementor-widget-spacer\" data-id=\"fcdb937\" data-element_type=\"widget\" data-widget_type=\"spacer.default\">\n\t\t\t\t<div class=\"elementor-widget-container\">\n\t\t\t\t\t<div class=\"elementor-spacer\">\n\t\t\t<div class=\"elementor-spacer-inner\"><\/div>\n\t\t<\/div>\n\t\t\t\t<\/div>\n\t\t\t\t<\/div>\n\t\t\t\t<div class=\"elementor-element elementor-element-ad7b64a elementor-align-center elementor-widget elementor-widget-button\" data-id=\"ad7b64a\" data-element_type=\"widget\" data-widget_type=\"button.default\">\n\t\t\t\t<div class=\"elementor-widget-container\">\n\t\t\t\t\t<div class=\"elementor-button-wrapper\">\n\t\t\t<a href=\"https:\/\/valoapp.io\/contact-us\/\" class=\"elementor-button-link elementor-button elementor-size-lg\" role=\"button\">\n\t\t\t\t\t\t<span class=\"elementor-button-content-wrapper\">\n\t\t\t\t\t\t<span class=\"elementor-button-text\">Kontakt oss<\/span>\n\t\t<\/span>\n\t\t\t\t\t<\/a>\n\t\t<\/div>\n\t\t\t\t<\/div>\n\t\t\t\t<\/div>\n\t\t\t\t\t<\/div>\n\t\t<\/div>\n\t\t\t\t\t\t\t<\/div>\n\t\t<\/section>\n\t\t\t\t\t\t\t<\/div>\n\t\t","protected":false},"excerpt":{"rendered":"<p>Valo Valo er en moderne dating-app som er enkel \u00e5 bruke! Det [&hellip;]<\/p>\n","protected":false},"author":1,"featured_media":0,"parent":0,"menu_order":0,"comment_status":"closed","ping_status":"closed","template":"elementor_header_footer","meta":{"footnotes":""},"_links":{"self":[{"href":"https:\/\/valoapp.io\/no\/wp-json\/wp\/v2\/pages\/799"}],"collection":[{"href":"https:\/\/valoapp.io\/no\/wp-json\/wp\/v2\/pages"}],"about":[{"href":"https:\/\/valoapp.io\/no\/wp-json\/wp\/v2\/types\/page"}],"author":[{"embeddable":true,"href":"https:\/\/valoapp.io\/no\/wp-json\/wp\/v2\/users\/1"}],"replies":[{"embeddable":true,"href":"https:\/\/valoapp.io\/no\/wp-json\/wp\/v2\/comments?post=799"}],"version-history":[{"count":48,"href":"https:\/\/valoapp.io\/no\/wp-json\/wp\/v2\/pages\/799\/revisions"}],"predecessor-version":[{"id":1460,"href":"https:\/\/valoapp.io\/no\/wp-json\/wp\/v2\/pages\/799\/revisions\/1460"}],"wp:attachment":[{"href":"https:\/\/valoapp.io\/no\/wp-json\/wp\/v2\/media?parent=799"}],"curies":[{"name":"wp","href":"https:\/\/api.w.org\/{rel}","templated":true}]}}